{"id":10093,"date":"2025-02-16T22:44:03","date_gmt":"2025-02-16T22:44:03","guid":{"rendered":"https:\/\/nightoffortresses.org\/projekat-giftsnet\/"},"modified":"2025-03-10T14:51:57","modified_gmt":"2025-03-10T14:51:57","slug":"projekat-giftsnet","status":"publish","type":"page","link":"https:\/\/nightoffortresses.org\/bs\/projekat-giftsnet\/","title":{"rendered":"PROJEKT GIFTSnet"},"content":{"rendered":"\t\t<div data-elementor-type=\"wp-page\" data-elementor-id=\"10093\" class=\"elementor elementor-10093\" data-elementor-settings=\"{&quot;ha_cmc_init_switcher&quot;:&quot;no&quot;}\" data-elementor-post-type=\"page\">\n\t\t\t\t<div class=\"elementor-element elementor-element-35787f9 e-flex e-con-boxed e-con e-parent\" data-id=\"35787f9\" data-element_type=\"container\" data-settings=\"{&quot;_ha_eqh_enable&quot;:false}\">\n\t\t\t\t\t<div class=\"e-con-inner\">\n\t\t\t\t\t<\/div>\n\t\t\t\t<\/div>\n\t\t<div class=\"elementor-element elementor-element-d642b00 e-flex e-con-boxed e-con e-parent\" data-id=\"d642b00\" data-element_type=\"container\" data-settings=\"{&quot;_ha_eqh_enable&quot;:false}\">\n\t\t\t\t\t<div class=\"e-con-inner\">\n\t\t\t\t<div class=\"elementor-element elementor-element-e0db770 elementor-widget elementor-widget-text-editor\" data-id=\"e0db770\" data-element_type=\"widget\" data-widget_type=\"text-editor.default\">\n\t\t\t\t<div class=\"elementor-widget-container\">\n\t\t\t\t\t\t\t\t\t<p><b>NAZIV PROJEKTA \/ AKRONIM:<\/b><span style=\"font-weight: 400;\">\u00a0<\/span><a href=\"https:\/\/interreg-hr-ba-me.eu\/project\/project-library\/giftsnet\/\"><span style=\"font-weight: 400;\">Network for Green and Inclusive Fortified Tourism Solutions<\/span><\/a><span style=\"font-weight: 400;\"> \/ GIFTSnet HR-BA-ME00047\u00a0\u00a0<\/span><\/p><p><b>PROGRAM:<\/b><a href=\"https:\/\/interreg-hr-ba-me.eu\/\"><span style=\"font-weight: 400;\">\u00a0Interreg VI-A IPA Program Hrvatska \u2013 Bosna i Hercegovina \u2013 Crna Gora 2021-2027<\/span><\/a><span style=\"font-weight: 400;\">\u00a0(1. poziv za dostavu projektnih prijedloga)<\/span><\/p><p><b>PRIORITETNA OS PROGRAMA:<\/b><span style=\"font-weight: 400;\"> Prioritetna os 4\u00a0 &#8211; Odr\u017eivi i inkluzivni turizam i kultura\u00a0<\/span><\/p><p><b>VODE\u0106I PARTNER:<\/b><span style=\"font-weight: 400;\">\u00a0<\/span><a href=\"https:\/\/www.tvrdjava-kulture.hr\/\"><span style=\"font-weight: 400;\">Javna ustanova u kulturi Tvr\u0111ava kulture \u0160ibenik\u00a0\u00a0<\/span><\/a><\/p><p><b>PROJEKTNI PARTNERI:<\/b><span style=\"font-weight: 400;\">\u00a0<\/span><a href=\"https:\/\/www.banjaluka.rs.ba\/\"><span style=\"font-weight: 400;\">Grad Banja Luka<\/span><\/a><span style=\"font-weight: 400;\">, <\/span><a href=\"https:\/\/muzejhercegovine.org\/\"><span style=\"font-weight: 400;\">Muzej Hercegovine Trebinje<\/span><\/a><span style=\"font-weight: 400;\">, <\/span><a href=\"https:\/\/www.karlovac.hr\/\"><span style=\"font-weight: 400;\">Grad Karlovac<\/span><\/a><span style=\"font-weight: 400;\">, <\/span><a href=\"http:\/\/www.bar.me\"><span style=\"font-weight: 400;\">Op\u0161tina Bar<\/span><\/a><span style=\"font-weight: 400;\">, <\/span><a href=\"http:\/\/www.ul-gov.me\/\"><span style=\"font-weight: 400;\">Op\u0161tina Ulcinj\u00a0\u00a0<\/span><\/a><\/p><p><b>DATUM PO\u010cETKA I ZAVR\u0160ETKA PROJEKTA:\u00a0<\/b><span style=\"font-weight: 400;\">15.9.2024 \u2013 14.3.2027.\u00a0<\/span><\/p><p><b>TRAJANJE PROJEKTA:<\/b><span style=\"font-weight: 400;\">\u00a030 mjeseci\u00a0\u00a0<\/span><\/p><p><b>UKUPAN BUD\u017dET PROJEKTA:<\/b><span style=\"font-weight: 400;\">\u00a02.244.442,80 EUR\u00a0<\/span><\/p><p><b>IZNOS SUFINANSIRANJA:<\/b><span style=\"font-weight: 400;\">\u00a01.907.776,38 EUR (85%)\u00a0<\/span><\/p>\t\t\t\t\t\t\t\t<\/div>\n\t\t\t\t<\/div>\n\t\t\t\t<div class=\"elementor-element elementor-element-1d14585 elementor-widget elementor-widget-text-editor\" data-id=\"1d14585\" data-element_type=\"widget\" data-widget_type=\"text-editor.default\">\n\t\t\t\t<div class=\"elementor-widget-container\">\n\t\t\t\t\t\t\t\t\t<p><span style=\"color: #da5c57;\">CILJ<\/span>: <span style=\"font-weight: 400;\">GIFTSnet \u0107e doprinijeti pobolj\u0161anju odr\u017eivog i uklju\u010divog razvoja kulturnog turizma u programskom podru\u010dju provedbom ekolo\u0161ki prihvatljivih i odr\u017eivih ulaganja u 7 kulturnih turisti\u010dkih lokacija u \u0160ibeniku, Karlovcu, Banjoj Luci, Trebinju, Baru i Ulcinju, razvojem dru\u0161tveno uklju\u010divih turisti\u010dkih ponuda na lokacijama te izgradnjom kapaciteta prekograni\u010dnih dionika za odr\u017eivi razvoj kulturnog turizma u programskom podru\u010dju.\u00a0\u00a0<\/span><\/p>\t\t\t\t\t\t\t\t<\/div>\n\t\t\t\t<\/div>\n\t\t\t\t<div class=\"elementor-element elementor-element-2bb803a elementor-widget elementor-widget-text-editor\" data-id=\"2bb803a\" data-element_type=\"widget\" data-widget_type=\"text-editor.default\">\n\t\t\t\t<div class=\"elementor-widget-container\">\n\t\t\t\t\t\t\t\t\tGLAVNI REZULTATI PROJEKTA:\t\t\t\t\t\t\t\t<\/div>\n\t\t\t\t<\/div>\n\t\t\t\t<div class=\"elementor-element elementor-element-a7847f2 elementor-icon-list--layout-traditional elementor-list-item-link-full_width elementor-widget elementor-widget-icon-list\" data-id=\"a7847f2\" data-element_type=\"widget\" data-widget_type=\"icon-list.default\">\n\t\t\t\t<div class=\"elementor-widget-container\">\n\t\t\t\t\t\t\t<ul class=\"elementor-icon-list-items\">\n\t\t\t\t\t\t\t<li class=\"elementor-icon-list-item\">\n\t\t\t\t\t\t\t\t\t\t\t<span class=\"elementor-icon-list-icon\">\n\t\t\t\t\t\t\t<i aria-hidden=\"true\" class=\"fas fa-circle\"><\/i>\t\t\t\t\t\t<\/span>\n\t\t\t\t\t\t\t\t\t\t<span class=\"elementor-icon-list-text\">Ulaganja u 7 lokaliteta na programskom podru\u010dju: 1 u \u0160ibeniku, 2 u Trebinju i po jedan u Karlovcu, Banja Luci, Baru i Ulcinju <\/span>\n\t\t\t\t\t\t\t\t\t<\/li>\n\t\t\t\t\t\t\t\t<li class=\"elementor-icon-list-item\">\n\t\t\t\t\t\t\t\t\t\t\t<span class=\"elementor-icon-list-icon\">\n\t\t\t\t\t\t\t<i aria-hidden=\"true\" class=\"fas fa-circle\"><\/i>\t\t\t\t\t\t<\/span>\n\t\t\t\t\t\t\t\t\t\t<span class=\"elementor-icon-list-text\">Prekograni\u010dna mre\u017ea dionika kulturnog turizma u programskom podru\u010dju uspostavljena do kraja projekta <\/span>\n\t\t\t\t\t\t\t\t\t<\/li>\n\t\t\t\t\t\t\t\t<li class=\"elementor-icon-list-item\">\n\t\t\t\t\t\t\t\t\t\t\t<span class=\"elementor-icon-list-icon\">\n\t\t\t\t\t\t\t<i aria-hidden=\"true\" class=\"fas fa-circle\"><\/i>\t\t\t\t\t\t<\/span>\n\t\t\t\t\t\t\t\t\t\t<span class=\"elementor-icon-list-text\">Pokrenuta inicijativa \"Night of Fortresses Goes Green\" - me\u0111unarodna kulturna manifestacija No\u0107 tvr\u0111ava postaje platforma za promicanje zelenih standarda i poticanje javne svijesti o na\u010delima odr\u017eivog razvoja. <\/span>\n\t\t\t\t\t\t\t\t\t<\/li>\n\t\t\t\t\t\t<\/ul>\n\t\t\t\t\t\t<\/div>\n\t\t\t\t<\/div>\n\t\t\t\t\t<\/div>\n\t\t\t\t<\/div>\n\t\t\t\t<\/div>\n\t\t","protected":false},"excerpt":{"rendered":"<p>NAZIV PROJEKTA \/ AKRONIM:\u00a0Network for Green and Inclusive Fortified Tourism Solutions \/ GIFTSnet HR-BA-ME00047 PROGRAM:\u00a0Interreg VI-A IPA Program Hrvatska \u2013 Bosna i Hercegovina \u2013 Crna Gora 2021-2027\u00a0(1. poziv za dostavu projektnih prijedloga) PRIORITETNA OS PROGRAMA: Prioritetna os 4\u00a0 &#8211; Odr\u017eivi i inkluzivni turizam i kultura VODE\u0106I PARTNER:\u00a0Javna ustanova u kulturi Tvr\u0111ava kulture \u0160ibenik\u00a0\u00a0 PROJEKTNI PARTNERI:\u00a0Grad [&hellip;]<\/p>\n","protected":false},"author":1,"featured_media":0,"parent":0,"menu_order":0,"comment_status":"closed","ping_status":"closed","template":"","meta":{"_acf_changed":false,"om_disable_all_campaigns":false,"inline_featured_image":false,"_monsterinsights_skip_tracking":false,"_monsterinsights_sitenote_active":false,"_monsterinsights_sitenote_note":"","_monsterinsights_sitenote_category":0,"footnotes":""},"class_list":["post-10093","page","type-page","status-publish","hentry"],"acf":[],"aioseo_notices":[],"_links":{"self":[{"href":"https:\/\/nightoffortresses.org\/bs\/wp-json\/wp\/v2\/pages\/10093","targetHints":{"allow":["GET"]}}],"collection":[{"href":"https:\/\/nightoffortresses.org\/bs\/wp-json\/wp\/v2\/pages"}],"about":[{"href":"https:\/\/nightoffortresses.org\/bs\/wp-json\/wp\/v2\/types\/page"}],"author":[{"embeddable":true,"href":"https:\/\/nightoffortresses.org\/bs\/wp-json\/wp\/v2\/users\/1"}],"replies":[{"embeddable":true,"href":"https:\/\/nightoffortresses.org\/bs\/wp-json\/wp\/v2\/comments?post=10093"}],"version-history":[{"count":9,"href":"https:\/\/nightoffortresses.org\/bs\/wp-json\/wp\/v2\/pages\/10093\/revisions"}],"predecessor-version":[{"id":10414,"href":"https:\/\/nightoffortresses.org\/bs\/wp-json\/wp\/v2\/pages\/10093\/revisions\/10414"}],"wp:attachment":[{"href":"https:\/\/nightoffortresses.org\/bs\/wp-json\/wp\/v2\/media?parent=10093"}],"curies":[{"name":"wp","href":"https:\/\/api.w.org\/{rel}","templated":true}]}}