{"id":2372,"date":"2022-03-29T16:21:26","date_gmt":"2022-03-29T16:21:26","guid":{"rendered":"https:\/\/nightoffortresses.org\/gallery\/"},"modified":"2022-08-10T13:46:40","modified_gmt":"2022-08-10T13:46:40","slug":"tvrdjave","status":"publish","type":"page","link":"https:\/\/nightoffortresses.org\/bs\/tvrdjave\/","title":{"rendered":"Tvr\u0111ave"},"content":{"rendered":"\t\t<div data-elementor-type=\"wp-page\" data-elementor-id=\"2372\" class=\"elementor elementor-2372\" data-elementor-settings=\"{&quot;ha_cmc_init_switcher&quot;:&quot;no&quot;}\" data-elementor-post-type=\"page\">\n\t\t\t\t\t\t<section class=\"elementor-section elementor-top-section elementor-element elementor-element-e982b82 elementor-section-boxed elementor-section-height-default elementor-section-height-default\" data-id=\"e982b82\" data-element_type=\"section\" data-settings=\"{&quot;_ha_eqh_enable&quot;:false}\">\n\t\t\t\t\t\t<div class=\"elementor-container elementor-column-gap-default\">\n\t\t\t\t\t<div class=\"elementor-column elementor-col-100 elementor-top-column elementor-element elementor-element-6a291fa\" data-id=\"6a291fa\" data-element_type=\"column\">\n\t\t\t<div class=\"elementor-widget-wrap elementor-element-populated\">\n\t\t\t\t\t\t<div class=\"elementor-element elementor-element-87bb700 elementor-widget elementor-widget-heading\" data-id=\"87bb700\" data-element_type=\"widget\" data-widget_type=\"heading.default\">\n\t\t\t\t<div class=\"elementor-widget-container\">\n\t\t\t\t\t<h2 class=\"elementor-heading-title elementor-size-default\">Foto Galerija<\/h2>\t\t\t\t<\/div>\n\t\t\t\t<\/div>\n\t\t\t\t\t<\/div>\n\t\t<\/div>\n\t\t\t\t\t<\/div>\n\t\t<\/section>\n\t\t\t\t<section class=\"elementor-section elementor-top-section elementor-element elementor-element-ff4fed7 elementor-section-boxed elementor-section-height-default elementor-section-height-default\" data-id=\"ff4fed7\" data-element_type=\"section\" data-settings=\"{&quot;_ha_eqh_enable&quot;:false}\">\n\t\t\t\t\t\t<div class=\"elementor-container elementor-column-gap-default\">\n\t\t\t\t\t<div class=\"elementor-column elementor-col-100 elementor-top-column elementor-element elementor-element-0edd310\" data-id=\"0edd310\" data-element_type=\"column\">\n\t\t\t<div class=\"elementor-widget-wrap elementor-element-populated\">\n\t\t\t\t\t\t<div class=\"elementor-element elementor-element-139aae1 elementor-widget elementor-widget-heading\" data-id=\"139aae1\" data-element_type=\"widget\" data-widget_type=\"heading.default\">\n\t\t\t\t<div class=\"elementor-widget-container\">\n\t\t\t\t\t<h2 class=\"elementor-heading-title elementor-size-default\">Fascinantne tvr\u0111ave za pam\u0107enje\n<\/h2>\t\t\t\t<\/div>\n\t\t\t\t<\/div>\n\t\t\t\t<div class=\"elementor-element elementor-element-33f00e8 elementor-widget elementor-widget-text-editor\" data-id=\"33f00e8\" data-element_type=\"widget\" data-widget_type=\"text-editor.default\">\n\t\t\t\t<div class=\"elementor-widget-container\">\n\t\t\t\t\t\t\t\t\t<p>Tvr\u0111ave koje se prote\u017eu stolje\u0107ima i arhitektonskim stilovima,<br class=\"uk-visible@s\" \/>svaka sa svojim fascinantnim pri\u010dama.<br class=\"uk-visible@s\" \/>Pogledajte neke od najnevjerojatnijih fotografija.<\/p>\t\t\t\t\t\t\t\t<\/div>\n\t\t\t\t<\/div>\n\t\t\t\t\t<\/div>\n\t\t<\/div>\n\t\t\t\t\t<\/div>\n\t\t<\/section>\n\t\t\t\t<section class=\"elementor-section elementor-top-section elementor-element elementor-element-9a1acab elementor-section-full_width elementor-section-height-default elementor-section-height-default\" data-id=\"9a1acab\" data-element_type=\"section\" data-settings=\"{&quot;_ha_eqh_enable&quot;:false}\">\n\t\t\t\t\t\t<div class=\"elementor-container elementor-column-gap-default\">\n\t\t\t\t\t<div class=\"elementor-column elementor-col-100 elementor-top-column elementor-element elementor-element-b8f4e06\" data-id=\"b8f4e06\" data-element_type=\"column\">\n\t\t\t<div class=\"elementor-widget-wrap elementor-element-populated\">\n\t\t\t\t\t\t<div class=\"elementor-element elementor-element-019ec7b elementor-widget elementor-widget-gallery\" data-id=\"019ec7b\" data-element_type=\"widget\" data-settings=\"{&quot;columns&quot;:3,&quot;overlay_title&quot;:&quot;title&quot;,&quot;lazyload&quot;:&quot;yes&quot;,&quot;gallery_layout&quot;:&quot;grid&quot;,&quot;columns_tablet&quot;:2,&quot;columns_mobile&quot;:1,&quot;gap&quot;:{&quot;unit&quot;:&quot;px&quot;,&quot;size&quot;:10,&quot;sizes&quot;:[]},&quot;gap_tablet&quot;:{&quot;unit&quot;:&quot;px&quot;,&quot;size&quot;:10,&quot;sizes&quot;:[]},&quot;gap_mobile&quot;:{&quot;unit&quot;:&quot;px&quot;,&quot;size&quot;:10,&quot;sizes&quot;:[]},&quot;link_to&quot;:&quot;file&quot;,&quot;aspect_ratio&quot;:&quot;3:2&quot;,&quot;overlay_background&quot;:&quot;yes&quot;,&quot;content_hover_animation&quot;:&quot;fade-in&quot;}\" data-widget_type=\"gallery.default\">\n\t\t\t\t<div class=\"elementor-widget-container\">\n\t\t\t\t\t\t\t<div class=\"elementor-gallery__container\">\n\t\t\t\t\t\t\t<a class=\"e-gallery-item elementor-gallery-item elementor-animated-content\" href=\"https:\/\/nightoffortresses.org\/wp-content\/uploads\/2022\/03\/banjaluka1_Cropped-eea7aefe.webp\" data-elementor-open-lightbox=\"yes\" data-elementor-lightbox-slideshow=\"019ec7b\" data-elementor-lightbox-title=\"Tvr\u0111ava Kastel\" data-e-action-hash=\"#elementor-action%3Aaction%3Dlightbox%26settings%3DeyJpZCI6MjA4MiwidXJsIjoiaHR0cHM6XC9cL25pZ2h0b2Zmb3J0cmVzc2VzLm9yZ1wvd3AtY29udGVudFwvdXBsb2Fkc1wvMjAyMlwvMDNcL2JhbmphbHVrYTFfQ3JvcHBlZC1lZWE3YWVmZS53ZWJwIiwic2xpZGVzaG93IjoiMDE5ZWM3YiJ9\">\n\t\t\t\t\t<div class=\"e-gallery-image elementor-gallery-item__image\" data-thumbnail=\"https:\/\/nightoffortresses.org\/wp-content\/uploads\/2022\/03\/banjaluka1_Cropped-eea7aefe.webp\" data-width=\"1200\" data-height=\"780\" aria-label=\"\" role=\"img\" ><\/div>\n\t\t\t\t\t\t\t\t\t\t\t<div class=\"elementor-gallery-item__overlay\"><\/div>\n\t\t\t\t\t\t\t\t\t\t\t\t\t\t\t<div class=\"elementor-gallery-item__content\">\n\t\t\t\t\t\t\t\t\t\t\t\t\t\t<div class=\"elementor-gallery-item__title\">\n\t\t\t\t\t\t\t\t\t\t\t\t\t\t\t\t\t\tTvr\u0111ava Kastel\t\t\t\t\t\t\t\t<\/div>\n\t\t\t\t\t\t\t\t\t\t\t\t<\/div>\n\t\t\t\t\t\t\t\t\t<\/a>\n\t\t\t\t\t\t\t<a class=\"e-gallery-item elementor-gallery-item elementor-animated-content\" href=\"https:\/\/nightoffortresses.org\/wp-content\/uploads\/2022\/03\/kastel_fortress_Cropped-23090852.webp\" data-elementor-open-lightbox=\"yes\" data-elementor-lightbox-slideshow=\"019ec7b\" data-elementor-lightbox-title=\"Tvr\u0111ava Kastel\" data-e-action-hash=\"#elementor-action%3Aaction%3Dlightbox%26settings%3DeyJpZCI6MjEyMSwidXJsIjoiaHR0cHM6XC9cL25pZ2h0b2Zmb3J0cmVzc2VzLm9yZ1wvd3AtY29udGVudFwvdXBsb2Fkc1wvMjAyMlwvMDNcL2thc3RlbF9mb3J0cmVzc19Dcm9wcGVkLTIzMDkwODUyLndlYnAiLCJzbGlkZXNob3ciOiIwMTllYzdiIn0%3D\">\n\t\t\t\t\t<div class=\"e-gallery-image elementor-gallery-item__image\" data-thumbnail=\"https:\/\/nightoffortresses.org\/wp-content\/uploads\/2022\/03\/kastel_fortress_Cropped-23090852.webp\" data-width=\"780\" data-height=\"1200\" aria-label=\"\" role=\"img\" ><\/div>\n\t\t\t\t\t\t\t\t\t\t\t<div class=\"elementor-gallery-item__overlay\"><\/div>\n\t\t\t\t\t\t\t\t\t\t\t\t\t\t\t<div class=\"elementor-gallery-item__content\">\n\t\t\t\t\t\t\t\t\t\t\t\t\t\t<div class=\"elementor-gallery-item__title\">\n\t\t\t\t\t\t\t\t\t\t\t\t\t\t\t\t\t\tTvr\u0111ava Kastel\t\t\t\t\t\t\t\t<\/div>\n\t\t\t\t\t\t\t\t\t\t\t\t<\/div>\n\t\t\t\t\t\t\t\t\t<\/a>\n\t\t\t\t\t\t\t<a class=\"e-gallery-item elementor-gallery-item elementor-animated-content\" href=\"https:\/\/nightoffortresses.org\/wp-content\/uploads\/2022\/03\/kastel_vrbas_2_Cropped_1-d1045f26.webp\" data-elementor-open-lightbox=\"yes\" data-elementor-lightbox-slideshow=\"019ec7b\" data-elementor-lightbox-title=\"Tvr\u0111ava Kastel\" data-e-action-hash=\"#elementor-action%3Aaction%3Dlightbox%26settings%3DeyJpZCI6MjExOCwidXJsIjoiaHR0cHM6XC9cL25pZ2h0b2Zmb3J0cmVzc2VzLm9yZ1wvd3AtY29udGVudFwvdXBsb2Fkc1wvMjAyMlwvMDNcL2thc3RlbF92cmJhc18yX0Nyb3BwZWRfMS1kMTA0NWYyNi53ZWJwIiwic2xpZGVzaG93IjoiMDE5ZWM3YiJ9\">\n\t\t\t\t\t<div class=\"e-gallery-image elementor-gallery-item__image\" data-thumbnail=\"https:\/\/nightoffortresses.org\/wp-content\/uploads\/2022\/03\/kastel_vrbas_2_Cropped_1-d1045f26.webp\" data-width=\"1200\" data-height=\"780\" aria-label=\"\" role=\"img\" ><\/div>\n\t\t\t\t\t\t\t\t\t\t\t<div class=\"elementor-gallery-item__overlay\"><\/div>\n\t\t\t\t\t\t\t\t\t\t\t\t\t\t\t<div class=\"elementor-gallery-item__content\">\n\t\t\t\t\t\t\t\t\t\t\t\t\t\t<div class=\"elementor-gallery-item__title\">\n\t\t\t\t\t\t\t\t\t\t\t\t\t\t\t\t\t\tTvr\u0111ava Kastel\t\t\t\t\t\t\t\t<\/div>\n\t\t\t\t\t\t\t\t\t\t\t\t<\/div>\n\t\t\t\t\t\t\t\t\t<\/a>\n\t\t\t\t\t\t\t<a class=\"e-gallery-item elementor-gallery-item elementor-animated-content\" href=\"https:\/\/nightoffortresses.org\/wp-content\/uploads\/2022\/03\/Akvadukt_Cropped_3-84f0a80d.webp\" data-elementor-open-lightbox=\"yes\" data-elementor-lightbox-slideshow=\"019ec7b\" data-elementor-lightbox-title=\"Tvr\u0111ava Stari grad Bar\" data-e-action-hash=\"#elementor-action%3Aaction%3Dlightbox%26settings%3DeyJpZCI6MjExNSwidXJsIjoiaHR0cHM6XC9cL25pZ2h0b2Zmb3J0cmVzc2VzLm9yZ1wvd3AtY29udGVudFwvdXBsb2Fkc1wvMjAyMlwvMDNcL0FrdmFkdWt0X0Nyb3BwZWRfMy04NGYwYTgwZC53ZWJwIiwic2xpZGVzaG93IjoiMDE5ZWM3YiJ9\">\n\t\t\t\t\t<div class=\"e-gallery-image elementor-gallery-item__image\" data-thumbnail=\"https:\/\/nightoffortresses.org\/wp-content\/uploads\/2022\/03\/Akvadukt_Cropped_3-84f0a80d.webp\" data-width=\"1200\" data-height=\"780\" aria-label=\"\" role=\"img\" ><\/div>\n\t\t\t\t\t\t\t\t\t\t\t<div class=\"elementor-gallery-item__overlay\"><\/div>\n\t\t\t\t\t\t\t\t\t\t\t\t\t\t\t<div class=\"elementor-gallery-item__content\">\n\t\t\t\t\t\t\t\t\t\t\t\t\t\t<div class=\"elementor-gallery-item__title\">\n\t\t\t\t\t\t\t\t\t\t\t\t\t\t\t\t\t\tTvr\u0111ava Stari grad Bar\t\t\t\t\t\t\t\t<\/div>\n\t\t\t\t\t\t\t\t\t\t\t\t<\/div>\n\t\t\t\t\t\t\t\t\t<\/a>\n\t\t\t\t\t\t\t<a class=\"e-gallery-item elementor-gallery-item elementor-animated-content\" href=\"https:\/\/nightoffortresses.org\/wp-content\/uploads\/2022\/03\/Crkva_Sv_katarine_i_Sat_kula_1_Cropped_2-7a4edc1d.webp\" data-elementor-open-lightbox=\"yes\" data-elementor-lightbox-slideshow=\"019ec7b\" data-elementor-lightbox-title=\"Tvr\u0111ava Stari grad Bar\" data-e-action-hash=\"#elementor-action%3Aaction%3Dlightbox%26settings%3DeyJpZCI6MjExMiwidXJsIjoiaHR0cHM6XC9cL25pZ2h0b2Zmb3J0cmVzc2VzLm9yZ1wvd3AtY29udGVudFwvdXBsb2Fkc1wvMjAyMlwvMDNcL0Nya3ZhX1N2X2thdGFyaW5lX2lfU2F0X2t1bGFfMV9Dcm9wcGVkXzItN2E0ZWRjMWQud2VicCIsInNsaWRlc2hvdyI6IjAxOWVjN2IifQ%3D%3D\">\n\t\t\t\t\t<div class=\"e-gallery-image elementor-gallery-item__image\" data-thumbnail=\"https:\/\/nightoffortresses.org\/wp-content\/uploads\/2022\/03\/Crkva_Sv_katarine_i_Sat_kula_1_Cropped_2-7a4edc1d.webp\" data-width=\"780\" data-height=\"1200\" aria-label=\"\" role=\"img\" ><\/div>\n\t\t\t\t\t\t\t\t\t\t\t<div class=\"elementor-gallery-item__overlay\"><\/div>\n\t\t\t\t\t\t\t\t\t\t\t\t\t\t\t<div class=\"elementor-gallery-item__content\">\n\t\t\t\t\t\t\t\t\t\t\t\t\t\t<div class=\"elementor-gallery-item__title\">\n\t\t\t\t\t\t\t\t\t\t\t\t\t\t\t\t\t\tTvr\u0111ava Stari grad Bar\t\t\t\t\t\t\t\t<\/div>\n\t\t\t\t\t\t\t\t\t\t\t\t<\/div>\n\t\t\t\t\t\t\t\t\t<\/a>\n\t\t\t\t\t\t\t<a class=\"e-gallery-item elementor-gallery-item elementor-animated-content\" href=\"https:\/\/nightoffortresses.org\/wp-content\/uploads\/2022\/03\/Bar4_Cropped-d7087cdc.webp\" data-elementor-open-lightbox=\"yes\" data-elementor-lightbox-slideshow=\"019ec7b\" data-elementor-lightbox-title=\"Tvr\u0111ava Stari grad Bar\" data-e-action-hash=\"#elementor-action%3Aaction%3Dlightbox%26settings%3DeyJpZCI6MjEwOSwidXJsIjoiaHR0cHM6XC9cL25pZ2h0b2Zmb3J0cmVzc2VzLm9yZ1wvd3AtY29udGVudFwvdXBsb2Fkc1wvMjAyMlwvMDNcL0JhcjRfQ3JvcHBlZC1kNzA4N2NkYy53ZWJwIiwic2xpZGVzaG93IjoiMDE5ZWM3YiJ9\">\n\t\t\t\t\t<div class=\"e-gallery-image elementor-gallery-item__image\" data-thumbnail=\"https:\/\/nightoffortresses.org\/wp-content\/uploads\/2022\/03\/Bar4_Cropped-d7087cdc.webp\" data-width=\"1200\" data-height=\"780\" aria-label=\"\" role=\"img\" ><\/div>\n\t\t\t\t\t\t\t\t\t\t\t<div class=\"elementor-gallery-item__overlay\"><\/div>\n\t\t\t\t\t\t\t\t\t\t\t\t\t\t\t<div class=\"elementor-gallery-item__content\">\n\t\t\t\t\t\t\t\t\t\t\t\t\t\t<div class=\"elementor-gallery-item__title\">\n\t\t\t\t\t\t\t\t\t\t\t\t\t\t\t\t\t\tTvr\u0111ava Stari grad Bar\t\t\t\t\t\t\t\t<\/div>\n\t\t\t\t\t\t\t\t\t\t\t\t<\/div>\n\t\t\t\t\t\t\t\t\t<\/a>\n\t\t\t\t\t\t\t<a class=\"e-gallery-item elementor-gallery-item elementor-animated-content\" href=\"https:\/\/nightoffortresses.org\/wp-content\/uploads\/2022\/03\/Bar3_Cropped_1-52bb9654.webp\" data-elementor-open-lightbox=\"yes\" data-elementor-lightbox-slideshow=\"019ec7b\" data-elementor-lightbox-title=\"Tvr\u0111ava Stari grad Bar\" data-e-action-hash=\"#elementor-action%3Aaction%3Dlightbox%26settings%3DeyJpZCI6MjEwNiwidXJsIjoiaHR0cHM6XC9cL25pZ2h0b2Zmb3J0cmVzc2VzLm9yZ1wvd3AtY29udGVudFwvdXBsb2Fkc1wvMjAyMlwvMDNcL0JhcjNfQ3JvcHBlZF8xLTUyYmI5NjU0LndlYnAiLCJzbGlkZXNob3ciOiIwMTllYzdiIn0%3D\">\n\t\t\t\t\t<div class=\"e-gallery-image elementor-gallery-item__image\" data-thumbnail=\"https:\/\/nightoffortresses.org\/wp-content\/uploads\/2022\/03\/Bar3_Cropped_1-52bb9654.webp\" data-width=\"780\" data-height=\"1200\" aria-label=\"\" role=\"img\" ><\/div>\n\t\t\t\t\t\t\t\t\t\t\t<div class=\"elementor-gallery-item__overlay\"><\/div>\n\t\t\t\t\t\t\t\t\t\t\t\t\t\t\t<div class=\"elementor-gallery-item__content\">\n\t\t\t\t\t\t\t\t\t\t\t\t\t\t<div class=\"elementor-gallery-item__title\">\n\t\t\t\t\t\t\t\t\t\t\t\t\t\t\t\t\t\tTvr\u0111ava Stari grad Bar\t\t\t\t\t\t\t\t<\/div>\n\t\t\t\t\t\t\t\t\t\t\t\t<\/div>\n\t\t\t\t\t\t\t\t\t<\/a>\n\t\t\t\t\t\t\t<a class=\"e-gallery-item elementor-gallery-item elementor-animated-content\" href=\"https:\/\/nightoffortresses.org\/wp-content\/uploads\/2022\/03\/Crkva_u_St_Baru_Cropped_1-629acaa5.webp\" data-elementor-open-lightbox=\"yes\" data-elementor-lightbox-slideshow=\"019ec7b\" data-elementor-lightbox-title=\"Tvr\u0111ava Stari grad Bar\" data-e-action-hash=\"#elementor-action%3Aaction%3Dlightbox%26settings%3DeyJpZCI6MjEwMywidXJsIjoiaHR0cHM6XC9cL25pZ2h0b2Zmb3J0cmVzc2VzLm9yZ1wvd3AtY29udGVudFwvdXBsb2Fkc1wvMjAyMlwvMDNcL0Nya3ZhX3VfU3RfQmFydV9Dcm9wcGVkXzEtNjI5YWNhYTUud2VicCIsInNsaWRlc2hvdyI6IjAxOWVjN2IifQ%3D%3D\">\n\t\t\t\t\t<div class=\"e-gallery-image elementor-gallery-item__image\" data-thumbnail=\"https:\/\/nightoffortresses.org\/wp-content\/uploads\/2022\/03\/Crkva_u_St_Baru_Cropped_1-629acaa5.webp\" data-width=\"1200\" data-height=\"780\" aria-label=\"\" role=\"img\" ><\/div>\n\t\t\t\t\t\t\t\t\t\t\t<div class=\"elementor-gallery-item__overlay\"><\/div>\n\t\t\t\t\t\t\t\t\t\t\t\t\t\t\t<div class=\"elementor-gallery-item__content\">\n\t\t\t\t\t\t\t\t\t\t\t\t\t\t<div class=\"elementor-gallery-item__title\">\n\t\t\t\t\t\t\t\t\t\t\t\t\t\t\t\t\t\tTvr\u0111ava Stari grad Bar\t\t\t\t\t\t\t\t<\/div>\n\t\t\t\t\t\t\t\t\t\t\t\t<\/div>\n\t\t\t\t\t\t\t\t\t<\/a>\n\t\t\t\t\t\t\t<a class=\"e-gallery-item elementor-gallery-item elementor-animated-content\" href=\"https:\/\/nightoffortresses.org\/wp-content\/uploads\/2022\/03\/Stari_Bar_kaldrma_Cropped_1-2bb5dc62.webp\" data-elementor-open-lightbox=\"yes\" data-elementor-lightbox-slideshow=\"019ec7b\" data-elementor-lightbox-title=\"Tvr\u0111ava Stari grad Bar\" data-e-action-hash=\"#elementor-action%3Aaction%3Dlightbox%26settings%3DeyJpZCI6MjEwMCwidXJsIjoiaHR0cHM6XC9cL25pZ2h0b2Zmb3J0cmVzc2VzLm9yZ1wvd3AtY29udGVudFwvdXBsb2Fkc1wvMjAyMlwvMDNcL1N0YXJpX0Jhcl9rYWxkcm1hX0Nyb3BwZWRfMS0yYmI1ZGM2Mi53ZWJwIiwic2xpZGVzaG93IjoiMDE5ZWM3YiJ9\">\n\t\t\t\t\t<div class=\"e-gallery-image elementor-gallery-item__image\" data-thumbnail=\"https:\/\/nightoffortresses.org\/wp-content\/uploads\/2022\/03\/Stari_Bar_kaldrma_Cropped_1-2bb5dc62.webp\" data-width=\"1200\" data-height=\"780\" aria-label=\"\" role=\"img\" ><\/div>\n\t\t\t\t\t\t\t\t\t\t\t<div class=\"elementor-gallery-item__overlay\"><\/div>\n\t\t\t\t\t\t\t\t\t\t\t\t\t\t\t<div class=\"elementor-gallery-item__content\">\n\t\t\t\t\t\t\t\t\t\t\t\t\t\t<div class=\"elementor-gallery-item__title\">\n\t\t\t\t\t\t\t\t\t\t\t\t\t\t\t\t\t\tTvr\u0111ava Stari grad Bar\t\t\t\t\t\t\t\t<\/div>\n\t\t\t\t\t\t\t\t\t\t\t\t<\/div>\n\t\t\t\t\t\t\t\t\t<\/a>\n\t\t\t\t\t\t\t<a class=\"e-gallery-item elementor-gallery-item elementor-animated-content\" href=\"https:\/\/nightoffortresses.org\/wp-content\/uploads\/2022\/03\/Stari_Bar_4_Cropped_2-5dc83ac8.webp\" data-elementor-open-lightbox=\"yes\" data-elementor-lightbox-slideshow=\"019ec7b\" data-elementor-lightbox-title=\"Tvr\u0111ava Stari grad Bar\" data-e-action-hash=\"#elementor-action%3Aaction%3Dlightbox%26settings%3DeyJpZCI6MjA4NSwidXJsIjoiaHR0cHM6XC9cL25pZ2h0b2Zmb3J0cmVzc2VzLm9yZ1wvd3AtY29udGVudFwvdXBsb2Fkc1wvMjAyMlwvMDNcL1N0YXJpX0Jhcl80X0Nyb3BwZWRfMi01ZGM4M2FjOC53ZWJwIiwic2xpZGVzaG93IjoiMDE5ZWM3YiJ9\">\n\t\t\t\t\t<div class=\"e-gallery-image elementor-gallery-item__image\" data-thumbnail=\"https:\/\/nightoffortresses.org\/wp-content\/uploads\/2022\/03\/Stari_Bar_4_Cropped_2-5dc83ac8.webp\" data-width=\"1200\" data-height=\"780\" aria-label=\"\" role=\"img\" ><\/div>\n\t\t\t\t\t\t\t\t\t\t\t<div class=\"elementor-gallery-item__overlay\"><\/div>\n\t\t\t\t\t\t\t\t\t\t\t\t\t\t\t<div class=\"elementor-gallery-item__content\">\n\t\t\t\t\t\t\t\t\t\t\t\t\t\t<div class=\"elementor-gallery-item__title\">\n\t\t\t\t\t\t\t\t\t\t\t\t\t\t\t\t\t\tTvr\u0111ava Stari grad Bar\t\t\t\t\t\t\t\t<\/div>\n\t\t\t\t\t\t\t\t\t\t\t\t<\/div>\n\t\t\t\t\t\t\t\t\t<\/a>\n\t\t\t\t\t\t\t<a class=\"e-gallery-item elementor-gallery-item elementor-animated-content\" href=\"https:\/\/nightoffortresses.org\/wp-content\/uploads\/2022\/03\/karlovac9_Cropped-48975f77.webp\" data-elementor-open-lightbox=\"yes\" data-elementor-lightbox-slideshow=\"019ec7b\" data-elementor-lightbox-title=\"Ka\u0161tel Dubovac\" data-e-action-hash=\"#elementor-action%3Aaction%3Dlightbox%26settings%3DeyJpZCI6MjA5NywidXJsIjoiaHR0cHM6XC9cL25pZ2h0b2Zmb3J0cmVzc2VzLm9yZ1wvd3AtY29udGVudFwvdXBsb2Fkc1wvMjAyMlwvMDNcL2thcmxvdmFjOV9Dcm9wcGVkLTQ4OTc1Zjc3LndlYnAiLCJzbGlkZXNob3ciOiIwMTllYzdiIn0%3D\">\n\t\t\t\t\t<div class=\"e-gallery-image elementor-gallery-item__image\" data-thumbnail=\"https:\/\/nightoffortresses.org\/wp-content\/uploads\/2022\/03\/karlovac9_Cropped-48975f77.webp\" data-width=\"1200\" data-height=\"780\" aria-label=\"\" role=\"img\" ><\/div>\n\t\t\t\t\t\t\t\t\t\t\t<div class=\"elementor-gallery-item__overlay\"><\/div>\n\t\t\t\t\t\t\t\t\t\t\t\t\t\t\t<div class=\"elementor-gallery-item__content\">\n\t\t\t\t\t\t\t\t\t\t\t\t\t\t<div class=\"elementor-gallery-item__title\">\n\t\t\t\t\t\t\t\t\t\t\t\t\t\t\t\t\t\tKa\u0161tel Dubovac\t\t\t\t\t\t\t\t<\/div>\n\t\t\t\t\t\t\t\t\t\t\t\t<\/div>\n\t\t\t\t\t\t\t\t\t<\/a>\n\t\t\t\t\t\t\t<a class=\"e-gallery-item elementor-gallery-item elementor-animated-content\" href=\"https:\/\/nightoffortresses.org\/wp-content\/uploads\/2022\/03\/karlovac2_Cropped-cd67d85e.webp\" data-elementor-open-lightbox=\"yes\" data-elementor-lightbox-slideshow=\"019ec7b\" data-elementor-lightbox-title=\"Ka\u0161tel Dubovac\" data-e-action-hash=\"#elementor-action%3Aaction%3Dlightbox%26settings%3DeyJpZCI6MjA5NCwidXJsIjoiaHR0cHM6XC9cL25pZ2h0b2Zmb3J0cmVzc2VzLm9yZ1wvd3AtY29udGVudFwvdXBsb2Fkc1wvMjAyMlwvMDNcL2thcmxvdmFjMl9Dcm9wcGVkLWNkNjdkODVlLndlYnAiLCJzbGlkZXNob3ciOiIwMTllYzdiIn0%3D\">\n\t\t\t\t\t<div class=\"e-gallery-image elementor-gallery-item__image\" data-thumbnail=\"https:\/\/nightoffortresses.org\/wp-content\/uploads\/2022\/03\/karlovac2_Cropped-cd67d85e.webp\" data-width=\"780\" data-height=\"1200\" aria-label=\"\" role=\"img\" ><\/div>\n\t\t\t\t\t\t\t\t\t\t\t<div class=\"elementor-gallery-item__overlay\"><\/div>\n\t\t\t\t\t\t\t\t\t\t\t\t\t\t\t<div class=\"elementor-gallery-item__content\">\n\t\t\t\t\t\t\t\t\t\t\t\t\t\t<div class=\"elementor-gallery-item__title\">\n\t\t\t\t\t\t\t\t\t\t\t\t\t\t\t\t\t\tKa\u0161tel Dubovac\t\t\t\t\t\t\t\t<\/div>\n\t\t\t\t\t\t\t\t\t\t\t\t<\/div>\n\t\t\t\t\t\t\t\t\t<\/a>\n\t\t\t\t\t\t\t<a class=\"e-gallery-item elementor-gallery-item elementor-animated-content\" href=\"https:\/\/nightoffortresses.org\/wp-content\/uploads\/2022\/03\/05_stari_grad_dubovac-DinkoNeskusil_Cropped_3-4daa50f3.webp\" data-elementor-open-lightbox=\"yes\" data-elementor-lightbox-slideshow=\"019ec7b\" data-elementor-lightbox-title=\"Ka\u0161tel Dubovac\" data-e-action-hash=\"#elementor-action%3Aaction%3Dlightbox%26settings%3DeyJpZCI6MjA5MSwidXJsIjoiaHR0cHM6XC9cL25pZ2h0b2Zmb3J0cmVzc2VzLm9yZ1wvd3AtY29udGVudFwvdXBsb2Fkc1wvMjAyMlwvMDNcLzA1X3N0YXJpX2dyYWRfZHVib3ZhYy1EaW5rb05lc2t1c2lsX0Nyb3BwZWRfMy00ZGFhNTBmMy53ZWJwIiwic2xpZGVzaG93IjoiMDE5ZWM3YiJ9\">\n\t\t\t\t\t<div class=\"e-gallery-image elementor-gallery-item__image\" data-thumbnail=\"https:\/\/nightoffortresses.org\/wp-content\/uploads\/2022\/03\/05_stari_grad_dubovac-DinkoNeskusil_Cropped_3-4daa50f3.webp\" data-width=\"1200\" data-height=\"780\" aria-label=\"\" role=\"img\" ><\/div>\n\t\t\t\t\t\t\t\t\t\t\t<div class=\"elementor-gallery-item__overlay\"><\/div>\n\t\t\t\t\t\t\t\t\t\t\t\t\t\t\t<div class=\"elementor-gallery-item__content\">\n\t\t\t\t\t\t\t\t\t\t\t\t\t\t<div class=\"elementor-gallery-item__title\">\n\t\t\t\t\t\t\t\t\t\t\t\t\t\t\t\t\t\tKa\u0161tel Dubovac\t\t\t\t\t\t\t\t<\/div>\n\t\t\t\t\t\t\t\t\t\t\t\t<\/div>\n\t\t\t\t\t\t\t\t\t<\/a>\n\t\t\t\t\t\t\t<a class=\"e-gallery-item elementor-gallery-item elementor-animated-content\" href=\"https:\/\/nightoffortresses.org\/wp-content\/uploads\/2022\/03\/Tvrava_sv_Mihovila_Cropped_5-6c2c953e.webp\" data-elementor-open-lightbox=\"yes\" data-elementor-lightbox-slideshow=\"019ec7b\" data-elementor-lightbox-title=\"Tvrdjava sv.Mihovila\" data-e-action-hash=\"#elementor-action%3Aaction%3Dlightbox%26settings%3DeyJpZCI6MjA4OCwidXJsIjoiaHR0cHM6XC9cL25pZ2h0b2Zmb3J0cmVzc2VzLm9yZ1wvd3AtY29udGVudFwvdXBsb2Fkc1wvMjAyMlwvMDNcL1R2cmF2YV9zdl9NaWhvdmlsYV9Dcm9wcGVkXzUtNmMyYzk1M2Uud2VicCIsInNsaWRlc2hvdyI6IjAxOWVjN2IifQ%3D%3D\">\n\t\t\t\t\t<div class=\"e-gallery-image elementor-gallery-item__image\" data-thumbnail=\"https:\/\/nightoffortresses.org\/wp-content\/uploads\/2022\/03\/Tvrava_sv_Mihovila_Cropped_5-6c2c953e.webp\" data-width=\"1200\" data-height=\"780\" aria-label=\"\" role=\"img\" ><\/div>\n\t\t\t\t\t\t\t\t\t\t\t<div class=\"elementor-gallery-item__overlay\"><\/div>\n\t\t\t\t\t\t\t\t\t\t\t\t\t\t\t<div class=\"elementor-gallery-item__content\">\n\t\t\t\t\t\t\t\t\t\t\t\t\t\t<div class=\"elementor-gallery-item__title\">\n\t\t\t\t\t\t\t\t\t\t\t\t\t\t\t\t\t\tTvrdjava sv.Mihovila\t\t\t\t\t\t\t\t<\/div>\n\t\t\t\t\t\t\t\t\t\t\t\t<\/div>\n\t\t\t\t\t\t\t\t\t<\/a>\n\t\t\t\t\t<\/div>\n\t\t\t\t\t<\/div>\n\t\t\t\t<\/div>\n\t\t\t\t\t<\/div>\n\t\t<\/div>\n\t\t\t\t\t<\/div>\n\t\t<\/section>\n\t\t\t\t<section class=\"elementor-section elementor-top-section elementor-element elementor-element-713bd1b elementor-section-boxed elementor-section-height-default elementor-section-height-default\" data-id=\"713bd1b\" data-element_type=\"section\" data-settings=\"{&quot;_ha_eqh_enable&quot;:false}\">\n\t\t\t\t\t\t<div class=\"elementor-container elementor-column-gap-default\">\n\t\t\t\t\t<div class=\"elementor-column elementor-col-100 elementor-top-column elementor-element elementor-element-3829a6d\" data-id=\"3829a6d\" data-element_type=\"column\">\n\t\t\t<div class=\"elementor-widget-wrap elementor-element-populated\">\n\t\t\t\t\t\t<div class=\"elementor-element elementor-element-625d0e4 elementor-widget elementor-widget-spacer\" data-id=\"625d0e4\" data-element_type=\"widget\" data-widget_type=\"spacer.default\">\n\t\t\t\t<div class=\"elementor-widget-container\">\n\t\t\t\t\t\t\t<div class=\"elementor-spacer\">\n\t\t\t<div class=\"elementor-spacer-inner\"><\/div>\n\t\t<\/div>\n\t\t\t\t\t\t<\/div>\n\t\t\t\t<\/div>\n\t\t\t\t\t<\/div>\n\t\t<\/div>\n\t\t\t\t\t<\/div>\n\t\t<\/section>\n\t\t\t\t<\/div>\n\t\t","protected":false},"excerpt":{"rendered":"<p>Foto Galerija Fascinantne tvr\u0111ave za pam\u0107enje Tvr\u0111ave koje se prote\u017eu stolje\u0107ima i arhitektonskim stilovima, svaka sa svojim fascinantnim pri\u010dama. Pogledajte neke od najnevjerojatnijih fotografija. Tvr\u0111ava Kastel Tvr\u0111ava Kastel Tvr\u0111ava Kastel Tvr\u0111ava Stari grad Bar Tvr\u0111ava Stari grad Bar Tvr\u0111ava Stari grad Bar Tvr\u0111ava Stari grad Bar Tvr\u0111ava Stari grad Bar Tvr\u0111ava Stari grad Bar Tvr\u0111ava [&hellip;]<\/p>\n","protected":false},"author":1,"featured_media":0,"parent":0,"menu_order":0,"comment_status":"closed","ping_status":"closed","template":"","meta":{"_acf_changed":false,"om_disable_all_campaigns":false,"inline_featured_image":false,"_monsterinsights_skip_tracking":false,"_monsterinsights_sitenote_active":false,"_monsterinsights_sitenote_note":"","_monsterinsights_sitenote_category":0,"footnotes":""},"class_list":["post-2372","page","type-page","status-publish","hentry"],"acf":[],"aioseo_notices":[],"_links":{"self":[{"href":"https:\/\/nightoffortresses.org\/bs\/wp-json\/wp\/v2\/pages\/2372","targetHints":{"allow":["GET"]}}],"collection":[{"href":"https:\/\/nightoffortresses.org\/bs\/wp-json\/wp\/v2\/pages"}],"about":[{"href":"https:\/\/nightoffortresses.org\/bs\/wp-json\/wp\/v2\/types\/page"}],"author":[{"embeddable":true,"href":"https:\/\/nightoffortresses.org\/bs\/wp-json\/wp\/v2\/users\/1"}],"replies":[{"embeddable":true,"href":"https:\/\/nightoffortresses.org\/bs\/wp-json\/wp\/v2\/comments?post=2372"}],"version-history":[{"count":0,"href":"https:\/\/nightoffortresses.org\/bs\/wp-json\/wp\/v2\/pages\/2372\/revisions"}],"wp:attachment":[{"href":"https:\/\/nightoffortresses.org\/bs\/wp-json\/wp\/v2\/media?parent=2372"}],"curies":[{"name":"wp","href":"https:\/\/api.w.org\/{rel}","templated":true}]}}