{"id":9852,"date":"2023-11-16T16:14:22","date_gmt":"2023-11-16T16:14:22","guid":{"rendered":"https:\/\/nightoffortresses.org\/izjava-o-davanju-saglasnosti-za-obradu-licnih-podataka\/"},"modified":"2025-03-05T10:31:16","modified_gmt":"2025-03-05T10:31:16","slug":"izjava-o-davanju-saglasnosti-za-obradu-licnih-podataka","status":"publish","type":"page","link":"https:\/\/nightoffortresses.org\/bs\/izjava-o-davanju-saglasnosti-za-obradu-licnih-podataka\/","title":{"rendered":"Izjava o davanju saglasnosti za obradu li\u010dnih podataka"},"content":{"rendered":"\t\t<div data-elementor-type=\"wp-page\" data-elementor-id=\"9852\" class=\"elementor elementor-9852\" data-elementor-settings=\"{&quot;ha_cmc_init_switcher&quot;:&quot;no&quot;}\" data-elementor-post-type=\"page\">\n\t\t\t\t\t\t<section class=\"elementor-section elementor-top-section elementor-element elementor-element-ff4fed7 elementor-section-boxed elementor-section-height-default elementor-section-height-default\" data-id=\"ff4fed7\" data-element_type=\"section\" data-settings=\"{&quot;_ha_eqh_enable&quot;:false}\">\n\t\t\t\t\t\t<div class=\"elementor-container elementor-column-gap-default\">\n\t\t\t\t\t<div class=\"elementor-column elementor-col-100 elementor-top-column elementor-element elementor-element-0edd310\" data-id=\"0edd310\" data-element_type=\"column\">\n\t\t\t<div class=\"elementor-widget-wrap elementor-element-populated\">\n\t\t\t\t\t\t<div class=\"elementor-element elementor-element-139aae1 elementor-widget elementor-widget-heading\" data-id=\"139aae1\" data-element_type=\"widget\" data-widget_type=\"heading.default\">\n\t\t\t\t<div class=\"elementor-widget-container\">\n\t\t\t\t\t<h2 class=\"elementor-heading-title elementor-size-default\">Izjava o davanju saglasnosti za obradu li\u010dnih podataka\n<\/h2>\t\t\t\t<\/div>\n\t\t\t\t<\/div>\n\t\t\t\t<div class=\"elementor-element elementor-element-5485b7b elementor-widget elementor-widget-text-editor\" data-id=\"5485b7b\" data-element_type=\"widget\" data-widget_type=\"text-editor.default\">\n\t\t\t\t<div class=\"elementor-widget-container\">\n\t\t\t\t\t\t\t\t\t<p><span style=\"font-weight: 400;\">Op\u0161tina BAR, kao Voditelj zbirke li\u010dnih podataka, obavje\u0161tava Vas da su Va\u0161i li\u010dni podaci prikupljeni sa prijavnice za u\u010destvovanje u manifestaciji <\/span><b>Night of Fortresses Goes Green<\/b><span style=\"font-weight: 400;\"> na slu\u017ebenoj web stranici doga\u0111aja: https:\/\/nightoffortresses.org\/ i da \u0107e biti obra\u0111eni.\u00a0<\/span><\/p><p><span style=\"font-weight: 400;\">Prihvatanjem ove Izjave smatra se da slobodno i izri\u010dito dajete dozvolu za prikupljanje i dalju obradu Va\u0161ih li\u010dnih podataka ustupljenih Op\u0161tini Bar kao korisniku putem navedene prijavnice u svrhe koje su ovdje izri\u010dito navedene. Rije\u010d je o dobrovoljnom davanju podataka te ovu Izjavu niste du\u017eni prihvatiti, odnosno niste du\u017eni unositi svoje osobne podatke u prijavne obrasce dostupne na ovim web stranicama.<\/span><\/p><p><span style=\"font-weight: 400;\">Prihvatanjem ove Izjave i ustupanjem Va\u0161ih li\u010dnih podataka unosom u prijavni obrazac smatra se da ste saglasni s obradom istih u marketin\u0161ke svrhe (dostavljanje informacija, ponuda i promotivnih\u00a0 materijala o manifestaciji Night of Fortresses Goes Green, unaprije\u0111enje ogla\u0161avanja manifestacije i istra\u017eivanje tr\u017ei\u0161ta).<\/span><\/p><p><span style=\"font-weight: 400;\">Obradi li\u010dnih podataka u marketin\u0161ke svrhe mo\u017eete se u svako doba suprostaviti i opozvati datu prijavu. O\u0161tina Bar s Va\u0161im \u0107e li\u010dnim podacima postupati skladno Zakonu o za\u0161titi podataka o li\u010dnosti\u00a0 Crne Gore.<\/span><\/p><p><span style=\"font-weight: 400;\">Op\u0161tina Bar \u0161titi privatnost posjetilaca web stranica, \u010duva povjerljivost Va\u0161ih li\u010dnih podataka, te omogu\u0107ava pristup li\u010dnih podataka samo onim svojim zapo\u0161ljenima kojima su isti potrebni radi izvo\u0111enja njihovih poslovnih aktivnosti, a tre\u0107im osobama samo u slu\u010dajevima koji su izri\u010dito propisani zakonom.<\/span><\/p><p><span style=\"font-weight: 400;\">Kao voditelj evidencije Va\u0161ih li\u010dnih podataka registrovana je Op\u0161tina Bar na adresi Bulevar revolucije 1, Bar, Crna Gora.<\/span><\/p><p><span style=\"font-weight: 400;\">Napominjemo da mo\u017eete u svako doba, u potpunosti ili djelimi\u010dno, bez naknade i obja\u0161njenja odustati od dijeljenja\u00a0 i zatra\u017eiti prestanak aktivnosti obrade Va\u0161ih li\u010dnih podataka i marketin\u0161ke aktivnosti usmjerene prema Vama. Opoziv prijave mo\u017eete podnijeti li\u010dno na adresi Bulevar revolucije 1, Bar, Crna Gora, ili e-mailom na adresu <\/span><b>projekti.bar@gmail.com<\/b><\/p>\t\t\t\t\t\t\t\t<\/div>\n\t\t\t\t<\/div>\n\t\t\t\t\t<\/div>\n\t\t<\/div>\n\t\t\t\t\t<\/div>\n\t\t<\/section>\n\t\t\t\t<section class=\"elementor-section elementor-top-section elementor-element elementor-element-713bd1b elementor-section-boxed elementor-section-height-default elementor-section-height-default\" data-id=\"713bd1b\" data-element_type=\"section\" data-settings=\"{&quot;_ha_eqh_enable&quot;:false}\">\n\t\t\t\t\t\t<div class=\"elementor-container elementor-column-gap-default\">\n\t\t\t\t\t<div class=\"elementor-column elementor-col-100 elementor-top-column elementor-element elementor-element-3829a6d\" data-id=\"3829a6d\" data-element_type=\"column\">\n\t\t\t<div class=\"elementor-widget-wrap elementor-element-populated\">\n\t\t\t\t\t\t<div class=\"elementor-element elementor-element-625d0e4 elementor-widget elementor-widget-spacer\" data-id=\"625d0e4\" data-element_type=\"widget\" data-widget_type=\"spacer.default\">\n\t\t\t\t<div class=\"elementor-widget-container\">\n\t\t\t\t\t\t\t<div class=\"elementor-spacer\">\n\t\t\t<div class=\"elementor-spacer-inner\"><\/div>\n\t\t<\/div>\n\t\t\t\t\t\t<\/div>\n\t\t\t\t<\/div>\n\t\t\t\t\t<\/div>\n\t\t<\/div>\n\t\t\t\t\t<\/div>\n\t\t<\/section>\n\t\t\t\t<\/div>\n\t\t","protected":false},"excerpt":{"rendered":"<p>Izjava o davanju saglasnosti za obradu li\u010dnih podataka Op\u0161tina BAR, kao Voditelj zbirke li\u010dnih podataka, obavje\u0161tava Vas da su Va\u0161i li\u010dni podaci prikupljeni sa prijavnice za u\u010destvovanje u manifestaciji Night of Fortresses Goes Green na slu\u017ebenoj web stranici doga\u0111aja: https:\/\/nightoffortresses.org\/ i da \u0107e biti obra\u0111eni. Prihvatanjem ove Izjave smatra se da slobodno i izri\u010dito dajete [&hellip;]<\/p>\n","protected":false},"author":1,"featured_media":0,"parent":0,"menu_order":0,"comment_status":"closed","ping_status":"closed","template":"","meta":{"_acf_changed":false,"om_disable_all_campaigns":false,"inline_featured_image":false,"_monsterinsights_skip_tracking":false,"_monsterinsights_sitenote_active":false,"_monsterinsights_sitenote_note":"","_monsterinsights_sitenote_category":0,"footnotes":""},"class_list":["post-9852","page","type-page","status-publish","hentry"],"acf":[],"aioseo_notices":[],"_links":{"self":[{"href":"https:\/\/nightoffortresses.org\/bs\/wp-json\/wp\/v2\/pages\/9852","targetHints":{"allow":["GET"]}}],"collection":[{"href":"https:\/\/nightoffortresses.org\/bs\/wp-json\/wp\/v2\/pages"}],"about":[{"href":"https:\/\/nightoffortresses.org\/bs\/wp-json\/wp\/v2\/types\/page"}],"author":[{"embeddable":true,"href":"https:\/\/nightoffortresses.org\/bs\/wp-json\/wp\/v2\/users\/1"}],"replies":[{"embeddable":true,"href":"https:\/\/nightoffortresses.org\/bs\/wp-json\/wp\/v2\/comments?post=9852"}],"version-history":[{"count":2,"href":"https:\/\/nightoffortresses.org\/bs\/wp-json\/wp\/v2\/pages\/9852\/revisions"}],"predecessor-version":[{"id":9855,"href":"https:\/\/nightoffortresses.org\/bs\/wp-json\/wp\/v2\/pages\/9852\/revisions\/9855"}],"wp:attachment":[{"href":"https:\/\/nightoffortresses.org\/bs\/wp-json\/wp\/v2\/media?parent=9852"}],"curies":[{"name":"wp","href":"https:\/\/api.w.org\/{rel}","templated":true}]}}