{"id":8302,"date":"2024-05-10T14:56:52","date_gmt":"2024-05-10T14:56:52","guid":{"rendered":"https:\/\/nightoffortresses.org\/prijave\/"},"modified":"2026-02-26T14:15:48","modified_gmt":"2026-02-26T14:15:48","slug":"registration","status":"publish","type":"page","link":"https:\/\/nightoffortresses.org\/en\/registration\/","title":{"rendered":"Registration"},"content":{"rendered":"\t\t<div data-elementor-type=\"wp-page\" data-elementor-id=\"8302\" class=\"elementor elementor-8302\" data-elementor-settings=\"{&quot;ha_cmc_init_switcher&quot;:&quot;no&quot;}\" data-elementor-post-type=\"page\">\n\t\t\t\t\t\t<section class=\"elementor-section elementor-top-section elementor-element elementor-element-d36a0bd elementor-section-boxed elementor-section-height-default elementor-section-height-default\" data-id=\"d36a0bd\" data-element_type=\"section\" data-settings=\"{&quot;_ha_eqh_enable&quot;:false}\">\n\t\t\t\t\t\t<div class=\"elementor-container elementor-column-gap-default\">\n\t\t\t\t\t<div class=\"elementor-column elementor-col-100 elementor-top-column elementor-element elementor-element-9aa819a\" data-id=\"9aa819a\" data-element_type=\"column\">\n\t\t\t<div class=\"elementor-widget-wrap elementor-element-populated\">\n\t\t\t\t\t\t<div class=\"elementor-element elementor-element-b8376be elementor-widget elementor-widget-heading\" data-id=\"b8376be\" data-element_type=\"widget\" data-widget_type=\"heading.default\">\n\t\t\t\t<div class=\"elementor-widget-container\">\n\t\t\t\t\t<h2 class=\"elementor-heading-title elementor-size-default\">Night of Fortresses\/No\u0107 tvr\u0111ava 2026\n<\/h2>\t\t\t\t<\/div>\n\t\t\t\t<\/div>\n\t\t<div class=\"elementor-element elementor-element-907ddd7 e-flex e-con-boxed e-con e-parent\" data-id=\"907ddd7\" data-element_type=\"container\" data-settings=\"{&quot;_ha_eqh_enable&quot;:false}\">\n\t\t\t\t\t<div class=\"e-con-inner\">\n\t\t\t\t<div class=\"elementor-element elementor-element-9efe73b elementor-widget elementor-widget-text-editor\" data-id=\"9efe73b\" data-element_type=\"widget\" data-widget_type=\"text-editor.default\">\n\t\t\t\t<div class=\"elementor-widget-container\">\n\t\t\t\t\t\t\t\t\t<p><strong>Night of Fortresses \u2013 8 and 9 May 2026<\/strong><br \/>Registrations for organizers open on 1 March 2026<\/p>\t\t\t\t\t\t\t\t<\/div>\n\t\t\t\t<\/div>\n\t\t\t\t\t<\/div>\n\t\t\t\t<\/div>\n\t\t\t\t<section class=\"elementor-section elementor-inner-section elementor-element elementor-element-1565e95 elementor-section-boxed elementor-section-height-default elementor-section-height-default\" data-id=\"1565e95\" data-element_type=\"section\" data-settings=\"{&quot;_ha_eqh_enable&quot;:false}\">\n\t\t\t\t\t\t<div class=\"elementor-container elementor-column-gap-default\">\n\t\t\t\t\t<div class=\"elementor-column elementor-col-100 elementor-inner-column elementor-element elementor-element-932c598\" data-id=\"932c598\" data-element_type=\"column\">\n\t\t\t<div class=\"elementor-widget-wrap elementor-element-populated\">\n\t\t\t\t\t\t<div class=\"elementor-element elementor-element-0a012f1 elementor-widget elementor-widget-text-editor\" data-id=\"0a012f1\" data-element_type=\"widget\" data-widget_type=\"text-editor.default\">\n\t\t\t\t<div class=\"elementor-widget-container\">\n\t\t\t\t\t\t\t\t\t<p>Prijava se ispunjava na dva jezika \u2013 jeziku zemlje i na engleskom.\u00a0<br \/>The application is filled out in two languages \u200b\u200b- the language of the country and English.<\/p>\t\t\t\t\t\t\t\t<\/div>\n\t\t\t\t<\/div>\n\t\t\t\t<div class=\"elementor-element elementor-element-84ae343 elementor-widget elementor-widget-formidable\" data-id=\"84ae343\" data-element_type=\"widget\" data-widget_type=\"formidable.default\">\n\t\t\t\t<div class=\"elementor-widget-container\">\n\t\t\t\t\t<div class=\"frm_forms  with_frm_style frm_style_formidable-style\" id=\"frm_form_9_container\" data-token=\"d2fb2a41f271948e2cb969deb2de5908\">\n<form enctype=\"multipart\/form-data\" method=\"post\" class=\"frm-show-form  frm_pro_form \" id=\"form_noctvrdjava2026\" data-token=\"d2fb2a41f271948e2cb969deb2de5908\">\n<div class=\"frm_form_fields \">\n<fieldset>\n<legend class=\"frm_screen_reader\">Night of Fortresses\/No\u0107 tvr\u0111ava 2026.<\/legend>\r\n\r\n<div class=\"frm_fields_container\">\n<input type=\"hidden\" name=\"frm_action\" value=\"create\" \/>\n<input type=\"hidden\" name=\"form_id\" value=\"9\" \/>\n<input type=\"hidden\" name=\"frm_hide_fields_9\" id=\"frm_hide_fields_9\" value=\"\" \/>\n<input type=\"hidden\" name=\"form_key\" value=\"noctvrdjava2026\" \/>\n<input type=\"hidden\" name=\"item_meta[0]\" value=\"\" \/>\n<input type=\"hidden\" id=\"frm_submit_entry_9\" name=\"frm_submit_entry_9\" value=\"f80c1fccac\" \/><input type=\"hidden\" name=\"_wp_http_referer\" value=\"\/en\/wp-json\/wp\/v2\/pages\/8302\" \/><div id=\"frm_field_159_container\" class=\"frm_form_field frm_section_heading form-field  frm12 frm_first\">\r\n<h3 class=\"frm_pos_top frm_section_spacing\">Osnovne informacije\/Basic Info<\/h3>\r\n\r\n\r\n<div id=\"frm_field_160_container\" class=\"frm_form_field form-field  frm_top_container frm12 frm_first\">\r\n    <label for=\"field_vs7q932\" id=\"field_vs7q932_label\" class=\"frm_primary_label\">Dr\u017eava\/Country\r\n        <span class=\"frm_required\" aria-hidden=\"true\"><\/span>\r\n    <\/label>\r\n    <input  type=\"text\" id=\"field_vs7q932\" name=\"item_meta[160]\" value=\"\"  data-sectionid=\"159\"  data-invmsg=\"Tekst ne postoji\" aria-invalid=\"false\"   \/>\r\n    \r\n    \r\n<\/div>\n<div id=\"frm_field_161_container\" class=\"frm_form_field form-field  frm_top_container\">\r\n    <label for=\"field_cqotr32\" id=\"field_cqotr32_label\" class=\"frm_primary_label\">Grad\/City\r\n        <span class=\"frm_required\" aria-hidden=\"true\"><\/span>\r\n    <\/label>\r\n    <input  type=\"text\" id=\"field_cqotr32\" name=\"item_meta[161]\" value=\"\"  data-sectionid=\"159\"  data-invmsg=\"Tekst ne postoji\" aria-invalid=\"false\"   \/>\r\n    \r\n    \r\n<\/div>\n<div id=\"frm_field_162_container\" class=\"frm_form_field form-field  frm_top_container\">\r\n    <label for=\"field_t4j2k32\" id=\"field_t4j2k32_label\" class=\"frm_primary_label\">Lokacija\/Location\r\n        <span class=\"frm_required\" aria-hidden=\"true\"><\/span>\r\n    <\/label>\r\n    <input  type=\"text\" id=\"field_t4j2k32\" name=\"item_meta[162]\" value=\"\"  data-sectionid=\"159\"  data-invmsg=\"Tekst ne postoji\" aria-invalid=\"false\"   \/>\r\n    \r\n    \r\n<\/div>\n<div id=\"frm_field_163_container\" class=\"frm_form_field form-field  frm_required_field frm_top_container\">\r\n    <label for=\"field_mefvy3\" id=\"field_mefvy3_label\" class=\"frm_primary_label\">Organizator\/Organiser\r\n        <span class=\"frm_required\" aria-hidden=\"true\">*<\/span>\r\n    <\/label>\r\n    <input  type=\"text\" id=\"field_mefvy3\" name=\"item_meta[163]\" value=\"\"  data-sectionid=\"159\"  data-reqmsg=\"Ovo polje ne mo\u017ee da bude prazno.\" aria-required=\"true\" data-invmsg=\"Tekst ne postoji\" aria-invalid=\"false\"   \/>\r\n    \r\n    \r\n<\/div>\n<div id=\"frm_field_164_container\" class=\"frm_form_field form-field  frm_top_container frm4 frm_first\">\r\n    <label for=\"field_cdkyp32\" id=\"field_cdkyp32_label\" class=\"frm_primary_label\">Website link\r\n        <span class=\"frm_required\" aria-hidden=\"true\"><\/span>\r\n    <\/label>\r\n    <input type=\"url\" id=\"field_cdkyp32\" name=\"item_meta[164]\" value=\"\"  data-sectionid=\"159\"  data-invmsg=\"Website\/URL ne postoji\" aria-invalid=\"false\"  \/>\r\n    \r\n    \r\n<\/div>\n<div id=\"frm_field_165_container\" class=\"frm_form_field form-field  frm_top_container frm4\">\r\n    <label for=\"field_51dwc32\" id=\"field_51dwc32_label\" class=\"frm_primary_label\">Facebook link\r\n        <span class=\"frm_required\" aria-hidden=\"true\"><\/span>\r\n    <\/label>\r\n    <input type=\"url\" id=\"field_51dwc32\" name=\"item_meta[165]\" value=\"\"  data-invmsg=\"Website\/URL ne postoji\" aria-invalid=\"false\"  \/>\r\n    \r\n    \r\n<\/div>\n<div id=\"frm_field_166_container\" class=\"frm_form_field form-field  frm_top_container frm4\">\r\n    <label for=\"field_874pn32\" id=\"field_874pn32_label\" class=\"frm_primary_label\">Instagram link\r\n        <span class=\"frm_required\" aria-hidden=\"true\"><\/span>\r\n    <\/label>\r\n    <input type=\"url\" id=\"field_874pn32\" name=\"item_meta[166]\" value=\"\"  data-invmsg=\"Website\/URL ne postoji\" aria-invalid=\"false\"  \/>\r\n    \r\n    \r\n<\/div>\n<\/div>\n<div id=\"frm_field_168_container\" class=\"frm_form_field frm_section_heading form-field \">\r\n<h3 class=\"frm_pos_top\">Program\/Programme<\/h3>\r\n<div id=\"frm_desc_field_zfpi832\" class=\"frm_description frm_section_spacing\">(HR) Napomena: Kratak opis programa, jezik zemlje prijavitelja i engleski. <br>\r\n(ME\/BiH) Napomena: Kratak opis programa, jezik zemlje u\u010desnika i engleski.<br>\r\n(EN) Notice: Short event description, national language and English \r\n<\/div>\r\n\r\n<div id=\"frm_field_169_container\" class=\"frm_form_field form-field  frm_top_container frm12 frm_first\">\r\n    <label for=\"field_jef9k32\" id=\"field_jef9k32_label\" class=\"frm_primary_label\">Opis programa\/Programme description (HR\/ME\/BIH)\r\n        <span class=\"frm_required\" aria-hidden=\"true\"><\/span>\r\n    <\/label>\r\n    <textarea data-auto-grow=\"1\"  name=\"item_meta[169]\" id=\"field_jef9k32\" rows=\"5\"  data-sectionid=\"168\"  placeholder=\"Opis programa na jeziku zemlje prijavitelja\/u\u010desnika\r\nProgramme description in national language\" data-invmsg=\"ne postoji\" aria-invalid=\"false\"  ><\/textarea>\r\n    \r\n    \r\n<\/div>\n<div id=\"frm_field_170_container\" class=\"frm_form_field form-field  frm_top_container frm12 frm_first\">\r\n    <label for=\"field_xl1gi3\" id=\"field_xl1gi3_label\" class=\"frm_primary_label\">Opis programa\/Programme description (EN)\r\n        <span class=\"frm_required\" aria-hidden=\"true\"><\/span>\r\n    <\/label>\r\n    <textarea data-auto-grow=\"1\"  name=\"item_meta[170]\" id=\"field_xl1gi3\" rows=\"5\"  data-sectionid=\"168\"  placeholder=\"Opis programa na engleskom jeziku\r\nProgram description in the English language\" data-invmsg=\"ne postoji\" aria-invalid=\"false\"  ><\/textarea>\r\n    \r\n    \r\n<\/div>\n<\/div>\n<div id=\"frm_field_172_container\" class=\"frm_form_field frm_section_heading form-field \">\r\n<h3 class=\"frm_pos_top\">Fotografija lokacije\/Venue photo<\/h3>\r\n<div id=\"frm_desc_field_v7de932\" class=\"frm_description frm_section_spacing\">Napomena: Organizator mora biti vlasnik fotografije. <br>\r\nNotice: The organizer must be the owner of the photo.\r\n<\/div>\r\n\r\n<div id=\"frm_field_173_container\" class=\"frm_form_field form-field  frm_top_container frm12\">\r\n    <label for=\"field_dwmrx32\" id=\"field_dwmrx32_label\" class=\"frm_primary_label\">\r\n        <span class=\"frm_required\" aria-hidden=\"true\"><\/span>\r\n    <\/label>\r\n    <input type=\"hidden\"  data-sectionid=\"172\"  data-invmsg=\"Upload fajla ne postoji\" class=\"auto_width\" aria-invalid=\"false\"   name=\"item_meta[173]\"  value=\"\" data-frmfile=\"173\" \/>\n\n<div class=\"frm_dropzone frm_single_upload frm_clearfix\" id=\"file173_dropzone\" role=\"group\"  aria-describedby=\"frm_desc_field_dwmrx32\">\n\t<div class=\"fallback\">\n\t\t<input type=\"file\" name=\"file173\" id=\"field_dwmrx32\"\n\t\t\t data-sectionid=\"172\"  data-invmsg=\"Upload fajla ne postoji\" class=\"auto_width\" aria-invalid=\"false\"  \t\t\t\/>\n\t\t\t\t<div class=\"frm_clearfix \"><\/div>\n\t<\/div>\n\t<div class=\"dz-message needsclick\">\n\t\t\t\t<svg  viewBox=\"0 0 18 18\" class=\"frmsvg frm-svg-icon\">\n\t<path viewBox=\"0 0 18 18\" fill-rule=\"evenodd\" clip-rule=\"evenodd\" d=\"M8.2 4v8a.8.8 0 001.5 0V4l2.1 2.2A.7.7 0 1013 5L9.5 1.7a.7.7 0 00-1.1 0L5.1 5.2a.8.8 0 001 1l2.1-2zm7.6 4.3c.4 0 .7.3.7.7v6.8c0 .4-.3.7-.8.7H2.3a.8.8 0 01-.8-.8V9A.8.8 0 013 9v6h12V9c0-.4.3-.8.8-.8z\"><\/path>\n<\/svg>\t\t<span class=\"frm_upload_text\"><button type=\"button\" aria-label=\". Drop a file here or click to upload. Maximum file size: 2.1MB\">Drop a file here or click to upload<\/button><\/span>\n\t\t<span class=\"frm_compact_text\"><button type=\"button\" aria-label=\". Choose File. Maximum file size: 2.1MB\">Choose File<\/button><\/span>\n\t\t<div class=\"frm_small_text\">\n\t\t\t<p>Maximum file size: 2.1MB<\/p>\n\t\t<\/div>\n\t<\/div>\n<\/div>\n\t\r\n    <div class=\"frm_description\" id=\"frm_desc_field_dwmrx32\">Minimalna rezolucija fotografije 800x600px.<br>\r\nMinimum image resolution 800x600px.\r\n<\/div>\r\n    \r\n<\/div>\n<\/div>\n<div id=\"frm_field_175_container\" class=\"frm_form_field frm_section_heading form-field \">\r\n<h3 class=\"frm_pos_top\">Kontakt\/Contact<\/h3>\r\n<div id=\"frm_desc_field_gj57p32\" class=\"frm_description frm_section_spacing\">Upisati kontakt podatke osobe zadu\u017eene za komunikaciju.<br>\r\nFill in the contact details of the person in charge of the communication.\r\n<\/div>\r\n\r\n<div id=\"frm_field_176_container\" class=\"frm_form_field form-field  frm_required_field frm_top_container frm6 frm_first\">\r\n    <label for=\"field_gg56j3\" id=\"field_gg56j3_label\" class=\"frm_primary_label\">Ime\/First name\r\n        <span class=\"frm_required\" aria-hidden=\"true\">*<\/span>\r\n    <\/label>\r\n    <input  type=\"text\" id=\"field_gg56j3\" name=\"item_meta[176]\" value=\"\"  data-sectionid=\"175\"  data-reqmsg=\"Ovo polje ne mo\u017ee da bude prazno.\" aria-required=\"true\" data-invmsg=\"Tekst ne postoji\" aria-invalid=\"false\"   \/>\r\n    \r\n    \r\n<\/div>\n<div id=\"frm_field_177_container\" class=\"frm_form_field form-field  frm_required_field frm_top_container frm6\">\r\n    <label for=\"field_fxlz93\" id=\"field_fxlz93_label\" class=\"frm_primary_label\">Prezime\/Last name\r\n        <span class=\"frm_required\" aria-hidden=\"true\">*<\/span>\r\n    <\/label>\r\n    <input  type=\"text\" id=\"field_fxlz93\" name=\"item_meta[177]\" value=\"\"  data-sectionid=\"175\"  data-reqmsg=\"Ovo polje ne mo\u017ee da bude prazno.\" aria-required=\"true\" data-invmsg=\"Tekst ne postoji\" aria-invalid=\"false\"   \/>\r\n    \r\n    \r\n<\/div>\n<div id=\"frm_field_178_container\" class=\"frm_form_field form-field  frm_required_field frm_top_container frm6 frm_first\">\r\n    <label for=\"field_szgjh3\" id=\"field_szgjh3_label\" class=\"frm_primary_label\">Email adresa\/Email address\r\n        <span class=\"frm_required\" aria-hidden=\"true\">*<\/span>\r\n    <\/label>\r\n    <input type=\"email\" id=\"field_szgjh3\" name=\"item_meta[178]\" value=\"\"  data-sectionid=\"175\"  data-reqmsg=\"Ovo polje ne mo\u017ee da bude prazno.\" aria-required=\"true\" data-invmsg=\"\u0415\u043b\u0435\u043a\u0442\u0440\u043e\u043d\u0441\u043a\u0430 \u043f\u043e\u0448\u0442\u0430 ne postoji\" aria-invalid=\"false\"  \/>\r\n    \r\n    \r\n<\/div>\n<div id=\"frm_field_179_container\" class=\"frm_form_field form-field  frm_required_field frm_top_container frm6\">\r\n    <label for=\"field_86pkk3\" id=\"field_86pkk3_label\" class=\"frm_primary_label\">Broj telefona\/Phone number\r\n        <span class=\"frm_required\" aria-hidden=\"true\">*<\/span>\r\n    <\/label>\r\n    <input type=\"tel\" id=\"field_86pkk3\" name=\"item_meta[179]\" value=\"\"  data-sectionid=\"175\"  data-reqmsg=\"Ovo polje ne mo\u017ee da bude prazno.\" aria-required=\"true\" data-invmsg=\"Phone ne postoji\" aria-invalid=\"false\" pattern=\"((\\+\\d{1,3}(-|.| )?\\(?\\d\\)?(-| |.)?\\d{1,5})|(\\(?\\d{2,6}\\)?))(-|.| )?(\\d{3,4})(-|.| )?(\\d{4})(( x| ext)\\d{1,5}){0,1}$\"  \/>\r\n    \r\n    \r\n<\/div>\n<\/div>\n<div id=\"frm_field_181_container\" class=\"frm_form_field form-field  frm_required_field frm_top_container vertical_radio\">\r\n    <div  id=\"field_69374a3_label\" class=\"frm_primary_label\">\r\n        <span class=\"frm_required\" aria-hidden=\"true\">*<\/span>\r\n    <\/div>\r\n    <div class=\"frm_opt_container\" aria-labelledby=\"field_69374a3_label\" role=\"group\">\t\t<div class=\"frm_checkbox\" id=\"frm_checkbox_181-0\">\t\t\t<label  for=\"field_69374a3-0\">\n\t\t\t<input type=\"checkbox\" name=\"item_meta[181][]\" id=\"field_69374a3-0\" value=\"Sla\u017eem se\/I agree\"  data-reqmsg=\"Ovo polje ne mo\u017ee da bude prazno.\" data-invmsg=\"This field ne postoji\"   aria-required=\"true\"  \/> Sla\u017eem se\/I agree<\/label><\/div>\n<\/div>\r\n    <div class=\"frm_description\" id=\"frm_desc_field_69374a3\">(HR) Dajem privolu za obradu podataka u svrhu organizacije manifestacije Night of Fortresses goes green 2026. Pogledaj <a href=\" https:\/\/nightoffortresses.org\/hr\/izjava-o-davanju-saglasnosti-za-obradu-licnih-podataka\/\/\">Izjavu o davanju suglasnosti za obradu osobnih podataka<\/a>. <br>\r\n(ME\/BiH) Dajem dozvolu za obradu podataka u svrhu organizacije manifestacije Night of Fortresses goes green 2026. Pogledaj <a href=\" https:\/\/nightoffortresses.org\/izjava-o-davanju-saglasnosti-za-obradu-licnih-podataka\/\">Izjavu o davanju saglasnosti za obradu osobnih podataka<\/a>.<br>\r\n(EN) I give permission for data processing for the purpose of organizing the Night of Fortresses goes green 2026. View <a href=\" https:\/\/nightoffortresses.org\/en\/izjava-o-davanju-saglasnosti-za-obradu-licnih-podataka\/\/\">Statement of Consent for the Processing of Personal Data<\/a>.<\/div>\r\n    \r\n<\/div>\n<div id=\"frm_field_182_container\" class=\"frm_form_field frm_section_heading form-field \">\r\n<h3 class=\"frm_pos_top\">Info za sudionike\/Info za u\u010desnike\/Instructions to participants<\/h3>\r\n<div id=\"frm_desc_field_dib6932\" class=\"frm_description frm_section_spacing\">Uz komunikaciju eventa na\r\ndru\u0161tvenim mre\u017eama koristiti he\u0161tegove:<br>\r\nWhen communicating the event on social networks use hashtags:<br> \r\n#nightoffortresses <br>\r\n#NightOfFortressesGoesGreen <br> \r\n#EuropeanFortressSummer <br>\r\n #noctvrdava \r\n\r\n\r\n<\/div>\r\n\r\n<\/div>\n<div id=\"frm_field_184_container\" class=\"frm_form_field frm_section_heading form-field  frm12 frm_first\">\r\n<h3 class=\"frm_pos_top frm_section_spacing\">Preuzmi\/Download<\/h3>\r\n\r\n\r\n<div id=\"frm_field_185_container\" class=\"frm_form_field  frm12 frm_first frm_html_container form-field\">\n<p><a href=\"https:\/\/nightoffortresses.org\/wp-content\/uploads\/2026\/02\/Event-Graphics-2026.zip\" target=\"_blank\" rel=\"noopener\">Event Graphics<\/a><\/p>\n<p><a href=\"https:\/\/nightoffortresses.org\/wp-content\/uploads\/2026\/02\/Upute-za-sudionike-Night-of-Fortresses-Goes-Green-2026.pdf\" target=\"_blank\" rel=\"noopener\">Upute za sudionike HR\/ME\/BIH<\/a><\/p>\n<p><a href=\"https:\/\/nightoffortresses.org\/wp-content\/uploads\/2026\/02\/Participants-info_Night-of-Fortresses-Goes-Green-2026.pdf\" target=\"_blank\" rel=\"noopener\">Participant Information EN<\/a><\/p>\n<\/div>\n<\/div>\n<input type=\"hidden\" name=\"item_meta[187]\" id=\"field_ib4b032\" value=\"\" data-frmval=\"\"\/>\n<div id=\"frm_field_188_container\" class=\"frm_form_field frm_section_heading form-field  frm12 frm_first\">\r\n<h3 class=\"frm_pos_top\">Podaci za registraciju\/Registration information<\/h3>\r\n<div id=\"frm_desc_field_atz2r3\" class=\"frm_description frm_section_spacing\">(HR) Upamtite ove podatke. Trebati \u0107e Vam za naknadno a\u017euriranje prijave.<br>\r\n(ME\/BiH) Upamtite ove podatke. Treba\u0107e Vam za naknadno a\u017euriranje prijave.<br>\r\n(EN) Remember this information. You will need it to update your application later.\r\n<\/div>\r\n\r\n<div id=\"frm_field_189_container\" class=\"frm_form_field form-field  frm_required_field frm_top_container frm12 frm_first\">\r\n    <label for=\"field_username32\" id=\"field_username32_label\" class=\"frm_primary_label\">Korisni\u010dko ime\/Username\r\n        <span class=\"frm_required\" aria-hidden=\"true\">*<\/span>\r\n    <\/label>\r\n    <input  type=\"text\" id=\"field_username32\" name=\"item_meta[189]\" value=\"\"  data-sectionid=\"188\"  data-reqmsg=\"Ovo polje ne mo\u017ee da bude prazno.\" aria-required=\"true\" data-invmsg=\"Tekst ne postoji\" aria-invalid=\"false\"   \/>\r\n    \r\n    \r\n<\/div>\n<div id=\"frm_field_190_container\" class=\"frm_form_field form-field  frm_required_field frm_top_container frm6 frm_first\">\r\n    <label for=\"field_password3\" id=\"field_password3_label\" class=\"frm_primary_label\">\u0160ifra\/Password\r\n        <span class=\"frm_required\" aria-hidden=\"true\">*<\/span>\r\n    <\/label>\r\n    <input  type=\"text\" id=\"field_password3\" name=\"item_meta[190]\" value=\"\"  data-sectionid=\"188\"  data-reqmsg=\"Ovo polje ne mo\u017ee da bude prazno.\" aria-required=\"true\" data-invmsg=\"\u0160ifra ne postoji\" aria-invalid=\"false\"   \/>\r\n    \r\n    \r\n<\/div>\n<div id=\"frm_field_191_container\" class=\"frm_form_field form-field  frm_top_container frm6\">\r\n    <label for=\"field_3lhlk3\" id=\"field_3lhlk3_label\" class=\"frm_primary_label\">Ponovite \u0161ifru\/Confirm password\r\n        <span class=\"frm_required\" aria-hidden=\"true\"><\/span>\r\n    <\/label>\r\n    <input  type=\"text\" id=\"field_3lhlk3\" name=\"item_meta[191]\" value=\"\"  data-sectionid=\"188\"  data-invmsg=\"Tekst ne postoji\" aria-invalid=\"false\"   \/>\r\n    \r\n    \r\n<\/div>\n<\/div>\n<div id=\"frm_field_193_container\" class=\"frm_form_field form-field \">\r\n\t<div class=\"frm_submit\">\r\n\r\n<button class=\"frm_button_submit frm_final_submit\" type=\"submit\"   formnovalidate=\"formnovalidate\">Po\u0161alji\/Send<\/button>\r\n\r\n\r\n<\/div>\r\n<\/div>\n\t<input type=\"hidden\" name=\"item_key\" value=\"\" \/>\n\t\t\t<div id=\"frm_field_194_container\">\n\t\t\t<label for=\"field_blrrp\" >\n\t\t\t\tIf you are human, leave this field blank.\t\t\t<\/label>\n\t\t\t<input  id=\"field_blrrp\" type=\"text\" class=\"frm_form_field form-field frm_verify\" name=\"item_meta[194]\" value=\"\"  \/>\n\t\t<\/div>\n\t\t<input type=\"hidden\" name=\"frm_register[email]\" value=\"178\"\/>\n<input type=\"hidden\" name=\"frm_register[username]\" value=\"189\"\/>\n<input type=\"hidden\" name=\"frm_register[password]\" value=\"190\"\/>\n<input type=\"hidden\" name=\"frm_register[subsite_title]\" value=\"username\"\/>\n<input type=\"hidden\" name=\"frm_register[subsite_domain]\" value=\"blog_title\"\/>\n<input name=\"frm_state\" type=\"hidden\" value=\"S9Of7ir57uGYXAvEvS94iVKBi5mV6J6WyH142LKuINQofHhw6CTUwoW6GILPZ+3T\" \/><\/div>\n<\/fieldset>\n<\/div>\n\n<\/form>\n<\/div>\n\t\t\t\t<\/div>\n\t\t\t\t<\/div>\n\t\t\t\t\t<\/div>\n\t\t<\/div>\n\t\t\t\t\t<\/div>\n\t\t<\/section>\n\t\t\t\t\t<\/div>\n\t\t<\/div>\n\t\t\t\t\t<\/div>\n\t\t<\/section>\n\t\t\t\t<\/div>\n\t\t","protected":false},"excerpt":{"rendered":"<p>Night of Fortresses\/No\u0107 tvr\u0111ava 2026 Night of Fortresses \u2013 8 and 9 May 2026Registrations for organizers open on 1 March 2026 Prijava se ispunjava na dva jezika \u2013 jeziku zemlje i na engleskom.\u00a0The application is filled out in two languages \u200b\u200b- the language of the country and English. Night of Fortresses\/No\u0107 tvr\u0111ava 2026. Osnovne informacije\/Basic [&hellip;]<\/p>\n","protected":false},"author":1,"featured_media":0,"parent":0,"menu_order":0,"comment_status":"closed","ping_status":"closed","template":"","meta":{"_acf_changed":false,"om_disable_all_campaigns":false,"inline_featured_image":false,"_monsterinsights_skip_tracking":false,"_monsterinsights_sitenote_active":false,"_monsterinsights_sitenote_note":"","_monsterinsights_sitenote_category":0,"footnotes":""},"class_list":["post-8302","page","type-page","status-publish","hentry"],"acf":[],"aioseo_notices":[],"_links":{"self":[{"href":"https:\/\/nightoffortresses.org\/en\/wp-json\/wp\/v2\/pages\/8302","targetHints":{"allow":["GET"]}}],"collection":[{"href":"https:\/\/nightoffortresses.org\/en\/wp-json\/wp\/v2\/pages"}],"about":[{"href":"https:\/\/nightoffortresses.org\/en\/wp-json\/wp\/v2\/types\/page"}],"author":[{"embeddable":true,"href":"https:\/\/nightoffortresses.org\/en\/wp-json\/wp\/v2\/users\/1"}],"replies":[{"embeddable":true,"href":"https:\/\/nightoffortresses.org\/en\/wp-json\/wp\/v2\/comments?post=8302"}],"version-history":[{"count":25,"href":"https:\/\/nightoffortresses.org\/en\/wp-json\/wp\/v2\/pages\/8302\/revisions"}],"predecessor-version":[{"id":12209,"href":"https:\/\/nightoffortresses.org\/en\/wp-json\/wp\/v2\/pages\/8302\/revisions\/12209"}],"wp:attachment":[{"href":"https:\/\/nightoffortresses.org\/en\/wp-json\/wp\/v2\/media?parent=8302"}],"curies":[{"name":"wp","href":"https:\/\/api.w.org\/{rel}","templated":true}]}}