{"id":10148,"date":"2025-03-05T14:10:57","date_gmt":"2025-03-05T14:10:57","guid":{"rendered":"https:\/\/nightoffortresses.org\/izjava-o-davanju-saglasnosti-za-obradu-licnih-podataka-gifts-mreza\/"},"modified":"2025-03-05T14:24:08","modified_gmt":"2025-03-05T14:24:08","slug":"izjava-o-davanju-saglasnosti-za-obradu-licnih-podataka-gifts-mreza","status":"publish","type":"page","link":"https:\/\/nightoffortresses.org\/hr\/izjava-o-davanju-saglasnosti-za-obradu-licnih-podataka-gifts-mreza\/","title":{"rendered":"Izjava o davanju suglasnosti za obradu li\u010dnih podataka &#8211; Gifts mre\u017ea"},"content":{"rendered":"\t\t<div data-elementor-type=\"wp-page\" data-elementor-id=\"10148\" class=\"elementor elementor-10148\" data-elementor-settings=\"{&quot;ha_cmc_init_switcher&quot;:&quot;no&quot;}\" data-elementor-post-type=\"page\">\n\t\t\t\t\t\t<section class=\"elementor-section elementor-top-section elementor-element elementor-element-bbc3835 elementor-section-boxed elementor-section-height-default elementor-section-height-default\" data-id=\"bbc3835\" data-element_type=\"section\" data-settings=\"{&quot;_ha_eqh_enable&quot;:false}\">\n\t\t\t\t\t\t<div class=\"elementor-container elementor-column-gap-default\">\n\t\t\t\t\t<div class=\"elementor-column elementor-col-100 elementor-top-column elementor-element elementor-element-2b246a3\" data-id=\"2b246a3\" data-element_type=\"column\">\n\t\t\t<div class=\"elementor-widget-wrap elementor-element-populated\">\n\t\t\t\t\t\t<div class=\"elementor-element elementor-element-3a39755 elementor-widget elementor-widget-heading\" data-id=\"3a39755\" data-element_type=\"widget\" data-widget_type=\"heading.default\">\n\t\t\t\t<div class=\"elementor-widget-container\">\n\t\t\t\t\t<h2 class=\"elementor-heading-title elementor-size-default\">Izjava o davanju suglasnosti za obradu li\u010dnih podataka\n<\/h2>\t\t\t\t<\/div>\n\t\t\t\t<\/div>\n\t\t\t\t<div class=\"elementor-element elementor-element-b9a0875 elementor-widget elementor-widget-text-editor\" data-id=\"b9a0875\" data-element_type=\"widget\" data-widget_type=\"text-editor.default\">\n\t\t\t\t<div class=\"elementor-widget-container\">\n\t\t\t\t\t\t\t\t\t<p><span style=\"font-weight: 400;\">Op\u0107ina BAR, kao Voditelj evidencije Va\u0161ih osobnih podataka, obavje\u0161tava Vas da su Va\u0161i osobni podaci prikupljeni putem prijavnice za pridru\u017eivanje <strong>GIFTS mre\u017ei<\/strong> na slu\u017ebenoj web stranici: https:\/\/nightoffortresses.org\/ i da \u0107e biti obra\u0111eni.<\/span><\/p><p><span style=\"font-weight: 400;\">Prihva\u0107anjem ove Izjave smatra se da slobodno i izri\u010dito dajete dozvolu za prikupljanje i daljnju obradu Va\u0161ih osobnih podataka ustupljenih Op\u0107ini Bar kao korisniku putem navedene prijavnice u svrhe koje su ovdje izri\u010dito navedene. Rije\u010d je o dobrovoljnom davanju podataka te ovu Izjavu niste du\u017eni prihvatiti, odnosno niste du\u017eni unositi svoje osobne podatke u jednu od prijavnih obrazaca dostupnih na ovim web stranicama.<\/span><\/p><p><span style=\"font-weight: 400;\">Prihva\u0107anjem ove Izjave i ustupanjem Va\u0161ih osobnih podataka unosom u prijavni obrazac smatra se da ste suglasni s obradom istih u marketin\u0161ke svrhe (dostavljanje informacija, ponuda i promotivnih materijala, unapre\u0111enje ogla\u0161avanja i istra\u017eivanje tr\u017ei\u0161ta).<\/span><\/p><p><span style=\"font-weight: 400;\">Obradi osobnih podataka u marketin\u0161ke svrhe mo\u017eete se u svakom trenutku usprotiviti i opozvati danu suglasnost. Op\u0107ina Bar \u0107e s Va\u0161im osobnim podacima postupati u skladu sa Zakonom o za\u0161titi osobnih podataka Crne Gore.<\/span><\/p><p><span style=\"font-weight: 400;\">Op\u0107ina Bar \u0161titi privatnost posjetitelja web stranica, \u010duva povjerljivost Va\u0161ih osobnih podataka te omogu\u0107ava pristup osobnim podacima samo onim svojim zaposlenicima kojima su isti potrebni za obavljanje njihovih poslovnih aktivnosti, a tre\u0107im osobama samo u slu\u010dajevima koji su izri\u010dito propisani zakonom.<\/span><\/p><p><span style=\"font-weight: 400;\">Kao voditelj evidencije Va\u0161ih osobnih podataka registrirana je Op\u0107ina Bar na adresi Bulevar revolucije 1, Bar, Crna Gora.<\/span><\/p><p><span style=\"font-weight: 400;\">Napominjemo da mo\u017eete u svakom trenutku, u potpunosti ili djelomi\u010dno, bez naknade i obja\u0161njenja, odustati od dijeljenja i zatra\u017eiti prestanak aktivnosti obrade Va\u0161ih osobnih podataka te marketin\u0161ke aktivnosti usmjerene prema Vama. Opoziv suglasnosti mo\u017eete podnijeti osobno na adresi Bulevar revolucije 1, Bar, Crna Gora, ili e-mailom na adresu <\/span><b>projekti.bar@gmail.com.<\/b><\/p>\t\t\t\t\t\t\t\t<\/div>\n\t\t\t\t<\/div>\n\t\t\t\t\t<\/div>\n\t\t<\/div>\n\t\t\t\t\t<\/div>\n\t\t<\/section>\n\t\t\t\t<\/div>\n\t\t","protected":false},"excerpt":{"rendered":"<p>Izjava o davanju suglasnosti za obradu li\u010dnih podataka Op\u0107ina BAR, kao Voditelj evidencije Va\u0161ih osobnih podataka, obavje\u0161tava Vas da su Va\u0161i osobni podaci prikupljeni putem prijavnice za pridru\u017eivanje GIFTS mre\u017ei na slu\u017ebenoj web stranici: https:\/\/nightoffortresses.org\/ i da \u0107e biti obra\u0111eni. Prihva\u0107anjem ove Izjave smatra se da slobodno i izri\u010dito dajete dozvolu za prikupljanje i daljnju [&hellip;]<\/p>\n","protected":false},"author":1,"featured_media":0,"parent":0,"menu_order":0,"comment_status":"closed","ping_status":"closed","template":"","meta":{"_acf_changed":false,"om_disable_all_campaigns":false,"inline_featured_image":false,"_monsterinsights_skip_tracking":false,"_monsterinsights_sitenote_active":false,"_monsterinsights_sitenote_note":"","_monsterinsights_sitenote_category":0,"footnotes":""},"class_list":["post-10148","page","type-page","status-publish","hentry"],"acf":[],"aioseo_notices":[],"_links":{"self":[{"href":"https:\/\/nightoffortresses.org\/hr\/wp-json\/wp\/v2\/pages\/10148","targetHints":{"allow":["GET"]}}],"collection":[{"href":"https:\/\/nightoffortresses.org\/hr\/wp-json\/wp\/v2\/pages"}],"about":[{"href":"https:\/\/nightoffortresses.org\/hr\/wp-json\/wp\/v2\/types\/page"}],"author":[{"embeddable":true,"href":"https:\/\/nightoffortresses.org\/hr\/wp-json\/wp\/v2\/users\/1"}],"replies":[{"embeddable":true,"href":"https:\/\/nightoffortresses.org\/hr\/wp-json\/wp\/v2\/comments?post=10148"}],"version-history":[{"count":7,"href":"https:\/\/nightoffortresses.org\/hr\/wp-json\/wp\/v2\/pages\/10148\/revisions"}],"predecessor-version":[{"id":10163,"href":"https:\/\/nightoffortresses.org\/hr\/wp-json\/wp\/v2\/pages\/10148\/revisions\/10163"}],"wp:attachment":[{"href":"https:\/\/nightoffortresses.org\/hr\/wp-json\/wp\/v2\/media?parent=10148"}],"curies":[{"name":"wp","href":"https:\/\/api.w.org\/{rel}","templated":true}]}}