{"id":10150,"date":"2025-02-17T00:49:56","date_gmt":"2025-02-17T00:49:56","guid":{"rendered":"https:\/\/nightoffortresses.org\/gifts-mreza\/gifts-mreza-prijava\/"},"modified":"2025-03-12T10:33:56","modified_gmt":"2025-03-12T10:33:56","slug":"gifts-mreza-prijava","status":"publish","type":"page","link":"https:\/\/nightoffortresses.org\/hr\/gifts-mreza\/gifts-mreza-prijava\/","title":{"rendered":"GIFTS Mre\u017ea &#8211; Prijava"},"content":{"rendered":"\t\t<div data-elementor-type=\"wp-page\" data-elementor-id=\"10150\" class=\"elementor elementor-10150\" data-elementor-settings=\"{&quot;ha_cmc_init_switcher&quot;:&quot;no&quot;}\" data-elementor-post-type=\"page\">\n\t\t\t\t<div class=\"elementor-element elementor-element-e41f2e7 e-flex e-con-boxed e-con e-parent\" data-id=\"e41f2e7\" data-element_type=\"container\" data-settings=\"{&quot;_ha_eqh_enable&quot;:false}\">\n\t\t\t\t\t<div class=\"e-con-inner\">\n\t\t\t\t\t<\/div>\n\t\t\t\t<\/div>\n\t\t<div class=\"elementor-element elementor-element-ed58f38 e-flex e-con-boxed e-con e-parent\" data-id=\"ed58f38\" data-element_type=\"container\" data-settings=\"{&quot;_ha_eqh_enable&quot;:false}\">\n\t\t\t\t\t<div class=\"e-con-inner\">\n\t\t\t\t<div class=\"elementor-element elementor-element-b73da08 elementor-widget__width-initial elementor-widget-mobile__width-inherit elementor-widget elementor-widget-text-editor\" data-id=\"b73da08\" data-element_type=\"widget\" data-widget_type=\"text-editor.default\">\n\t\t\t\t<div class=\"elementor-widget-container\">\n\t\t\t\t\t\t\t\t\tMolimo vas da ispunite obrazac u nastavku kako biste se pridru\u017eili GIFTS mre\u017ei i doprinijeli izgradnji sna\u017enije i odr\u017eivije zajednice kulturnog turizma!\n\n\n\n\n\n\n\t\t\t\t\t\t\t\t<\/div>\n\t\t\t\t<\/div>\n\t\t\t\t<div class=\"elementor-element elementor-element-f4b31f9 elementor-widget__width-initial elementor-widget-mobile__width-inherit elementor-widget elementor-widget-text-editor\" data-id=\"f4b31f9\" data-element_type=\"widget\" data-widget_type=\"text-editor.default\">\n\t\t\t\t<div class=\"elementor-widget-container\">\n\t\t\t\t\t\t\t\t\t<p><i><span style=\"font-weight: 400;\">Slanjem ovog obrasca automatski dajete privolu za obradu Va\u0161ih osobnih podataka. Molimo odvojite trenutak i pa\u017eljivo prou\u010dite <\/span><\/i><a href=\"https:\/\/nightoffortresses.org\/hr\/izjava-o-davanju-saglasnosti-za-obradu-licnih-podataka-gifts-mreza\/\" target=\"_blank\" rel=\"noopener\"><i><span style=\"font-weight: 400;\">Izjavu o davanju suglasnosti za obradu osobnih podataka<\/span><\/i><\/a><i><span style=\"font-weight: 400;\">. Svoj pristanak mo\u017eete povu\u0107i u bilo kojem trenutku.<\/span><\/i><\/p>\t\t\t\t\t\t\t\t<\/div>\n\t\t\t\t<\/div>\n\t\t\t\t<div class=\"elementor-element elementor-element-1e112d7 elementor-widget__width-initial elementor-widget-mobile__width-inherit elementor-widget elementor-widget-formidable\" data-id=\"1e112d7\" data-element_type=\"widget\" data-widget_type=\"formidable.default\">\n\t\t\t\t<div class=\"elementor-widget-container\">\n\t\t\t\t\t<div class=\"frm_forms  with_frm_style frm_style_formidable-style\" id=\"frm_form_7_container\" data-token=\"291babf9e02a36540433d7d133e4623d\">\n<form enctype=\"multipart\/form-data\" method=\"post\" class=\"frm-show-form  frm_pro_form \" id=\"form_sk4vd\" data-token=\"291babf9e02a36540433d7d133e4623d\">\n<div class=\"frm_form_fields \">\n<fieldset>\n<legend class=\"frm_screen_reader\">GIFTS Mre\u017ea \u2013 Prijava<\/legend>\r\n\r\n<div class=\"frm_fields_container\">\n<input type=\"hidden\" name=\"frm_action\" value=\"create\" \/>\n<input type=\"hidden\" name=\"form_id\" value=\"7\" \/>\n<input type=\"hidden\" name=\"frm_hide_fields_7\" id=\"frm_hide_fields_7\" value=\"\" \/>\n<input type=\"hidden\" name=\"form_key\" value=\"sk4vd\" \/>\n<input type=\"hidden\" name=\"item_meta[0]\" value=\"\" \/>\n<input type=\"hidden\" id=\"frm_submit_entry_7\" name=\"frm_submit_entry_7\" value=\"ea1e41b1bb\" \/><input type=\"hidden\" name=\"_wp_http_referer\" value=\"\/hr\/wp-json\/wp\/v2\/pages\/10150\" \/><div id=\"frm_field_150_container\" class=\"frm_form_field form-field  frm_required_field frm_top_container frm12\">\r\n\t<label for=\"field_vjyr2\" id=\"field_vjyr2_label\" class=\"frm_primary_label\">Dr\u017eava\/Country\r\n\t\t<span class=\"frm_required\" aria-hidden=\"true\">*<\/span>\r\n\t<\/label>\r\n\t<div class=\"frm_input_group frm_with_box\"><input  type=\"text\" id=\"field_vjyr2\" name=\"item_meta[150]\" value=\"\"  data-reqmsg=\"Ovo polje ne mo\u017ee da bude prazno.\" aria-required=\"true\" data-invmsg=\"Dr\u017eava\/Country ne postoji\" class=\"frm-has-number-format\" aria-invalid=\"false\"   \/><\/div>\r\n\t\r\n\t\r\n<\/div>\n<div id=\"frm_field_153_container\" class=\"frm_form_field form-field  frm_required_field frm_top_container frm12\">\r\n\t<label for=\"field_2bv65\" id=\"field_2bv65_label\" class=\"frm_primary_label\">Grad\/City\r\n\t\t<span class=\"frm_required\" aria-hidden=\"true\">*<\/span>\r\n\t<\/label>\r\n\t<div class=\"frm_input_group frm_with_box\"><input  type=\"text\" id=\"field_2bv65\" name=\"item_meta[153]\" value=\"\"  data-reqmsg=\"Ovo polje ne mo\u017ee da bude prazno.\" aria-required=\"true\" data-invmsg=\"Grad\/City ne postoji\" class=\"frm-has-number-format\" aria-invalid=\"false\"   \/><\/div>\r\n\t\r\n\t\r\n<\/div>\n<div id=\"frm_field_154_container\" class=\"frm_form_field form-field  frm_required_field frm_top_container frm12\">\r\n\t<label for=\"field_7c7rm\" id=\"field_7c7rm_label\" class=\"frm_primary_label\">Institucija-Organizacija\/Institution-Organization\r\n\t\t<span class=\"frm_required\" aria-hidden=\"true\">*<\/span>\r\n\t<\/label>\r\n\t<div class=\"frm_input_group frm_with_box\"><input  type=\"text\" id=\"field_7c7rm\" name=\"item_meta[154]\" value=\"\"  data-reqmsg=\"Ovo polje ne mo\u017ee da bude prazno.\" aria-required=\"true\" data-invmsg=\"Institucija-Organizacija\/Institution-Organization ne postoji\" class=\"frm-has-number-format\" aria-invalid=\"false\"   \/><\/div>\r\n\t\r\n\t\r\n<\/div>\n<div id=\"frm_field_158_container\" class=\"frm_form_field form-field  frm_required_field frm_top_container frm12\">\r\n\t<label for=\"field_igsb4\" id=\"field_igsb4_label\" class=\"frm_primary_label\">Ime i prezime\/First and last name\r\n\t\t<span class=\"frm_required\" aria-hidden=\"true\">*<\/span>\r\n\t<\/label>\r\n\t<div class=\"frm_input_group frm_with_box\"><input  type=\"text\" id=\"field_igsb4\" name=\"item_meta[158]\" value=\"\"  data-reqmsg=\"Ovo polje ne mo\u017ee da bude prazno.\" aria-required=\"true\" data-invmsg=\"Ime i prezime\/First and last name ne postoji\" class=\"frm-has-number-format\" aria-invalid=\"false\"   \/><\/div>\r\n\t\r\n\t\r\n<\/div>\n<div id=\"frm_field_157_container\" class=\"frm_form_field form-field  frm_required_field frm_top_container frm12\">\r\n\t<label for=\"field_wqpyu\" id=\"field_wqpyu_label\" class=\"frm_primary_label\">Email\r\n\t\t<span class=\"frm_required\" aria-hidden=\"true\">*<\/span>\r\n\t<\/label>\r\n\t<input type=\"email\" id=\"field_wqpyu\" name=\"item_meta[157]\" value=\"\"  autocomplete=\"email\"  data-reqmsg=\"Ovo polje ne mo\u017ee da bude prazno.\" aria-required=\"true\" data-invmsg=\"Email ne postoji\" aria-invalid=\"false\"  \/>\r\n\t\r\n\t\r\n<\/div>\n<div id=\"frm_field_156_container\" class=\"frm_form_field form-field  frm_required_field frm_top_container frm12\">\r\n\t<label for=\"field_yn0kr\" id=\"field_yn0kr_label\" class=\"frm_primary_label\">Telefon\/Phone\r\n\t\t<span class=\"frm_required\" aria-hidden=\"true\">*<\/span>\r\n\t<\/label>\r\n\t<input type=\"tel\" id=\"field_yn0kr\" name=\"item_meta[156]\" value=\"\"  data-reqmsg=\"Ovo polje ne mo\u017ee da bude prazno.\" aria-required=\"true\" data-invmsg=\"Telefon\/Phone ne postoji\" aria-invalid=\"false\" pattern=\"((\\+\\d{1,3}(-|.| )?\\(?\\d\\)?(-| |.)?\\d{1,5})|(\\(?\\d{2,6}\\)?))(-|.| )?(\\d{3,4})(-|.| )?(\\d{4})(( x| ext)\\d{1,5}){0,1}$\"  \/>\r\n\t\r\n\t\r\n<\/div>\n<div id=\"frm_field_148_container\" class=\"frm_form_field form-field \">\r\n\t<div class=\"frm_submit frm_flex\">\r\n<button class=\"frm_button_submit frm_final_submit\" type=\"submit\"   formnovalidate=\"formnovalidate\">Po\u0161alji\/Send<\/button>\r\n\r\n\r\n\r\n<\/div>\r\n<\/div>\n\t<input type=\"hidden\" name=\"item_key\" value=\"\" \/>\n\t\t\t<div id=\"frm_field_194_container\">\n\t\t\t<label for=\"field_oq4lc\" >\n\t\t\t\tIf you are human, leave this field blank.\t\t\t<\/label>\n\t\t\t<input  id=\"field_oq4lc\" type=\"text\" class=\"frm_form_field form-field frm_verify\" name=\"item_meta[194]\" value=\"\"  \/>\n\t\t<\/div>\n\t\t<input name=\"frm_state\" type=\"hidden\" value=\"S9Of7ir57uGYXAvEvS94icZmnQQmURThBirFhWr7M0iGNTbpus4ttgCvI2zs8Uct\" \/><\/div>\n<\/fieldset>\n<\/div>\n\n<\/form>\n<\/div>\n\t\t\t\t<\/div>\n\t\t\t\t<\/div>\n\t\t\t\t\t<\/div>\n\t\t\t\t<\/div>\n\t\t\t\t<\/div>\n\t\t","protected":false},"excerpt":{"rendered":"<p>Molimo vas da ispunite obrazac u nastavku kako biste se pridru\u017eili GIFTS mre\u017ei i doprinijeli izgradnji sna\u017enije i odr\u017eivije zajednice kulturnog turizma! Slanjem ovog obrasca automatski dajete privolu za obradu Va\u0161ih osobnih podataka. Molimo odvojite trenutak i pa\u017eljivo prou\u010dite Izjavu o davanju suglasnosti za obradu osobnih podataka. Svoj pristanak mo\u017eete povu\u0107i u bilo kojem trenutku. [&hellip;]<\/p>\n","protected":false},"author":1,"featured_media":0,"parent":10019,"menu_order":0,"comment_status":"closed","ping_status":"closed","template":"","meta":{"_acf_changed":false,"om_disable_all_campaigns":false,"inline_featured_image":false,"_monsterinsights_skip_tracking":false,"_monsterinsights_sitenote_active":false,"_monsterinsights_sitenote_note":"","_monsterinsights_sitenote_category":0,"footnotes":""},"class_list":["post-10150","page","type-page","status-publish","hentry"],"acf":[],"aioseo_notices":[],"_links":{"self":[{"href":"https:\/\/nightoffortresses.org\/hr\/wp-json\/wp\/v2\/pages\/10150","targetHints":{"allow":["GET"]}}],"collection":[{"href":"https:\/\/nightoffortresses.org\/hr\/wp-json\/wp\/v2\/pages"}],"about":[{"href":"https:\/\/nightoffortresses.org\/hr\/wp-json\/wp\/v2\/types\/page"}],"author":[{"embeddable":true,"href":"https:\/\/nightoffortresses.org\/hr\/wp-json\/wp\/v2\/users\/1"}],"replies":[{"embeddable":true,"href":"https:\/\/nightoffortresses.org\/hr\/wp-json\/wp\/v2\/comments?post=10150"}],"version-history":[{"count":18,"href":"https:\/\/nightoffortresses.org\/hr\/wp-json\/wp\/v2\/pages\/10150\/revisions"}],"predecessor-version":[{"id":10533,"href":"https:\/\/nightoffortresses.org\/hr\/wp-json\/wp\/v2\/pages\/10150\/revisions\/10533"}],"up":[{"embeddable":true,"href":"https:\/\/nightoffortresses.org\/hr\/wp-json\/wp\/v2\/pages\/10019"}],"wp:attachment":[{"href":"https:\/\/nightoffortresses.org\/hr\/wp-json\/wp\/v2\/media?parent=10150"}],"curies":[{"name":"wp","href":"https:\/\/api.w.org\/{rel}","templated":true}]}}